{"id":91275,"date":"2022-04-07T10:29:51","date_gmt":"2022-04-07T13:29:51","guid":{"rendered":"https:\/\/cargamaquina.com.br\/novo-site\/?page_id=91275"},"modified":"2024-04-03T19:38:02","modified_gmt":"2024-04-03T22:38:02","slug":"sobre","status":"publish","type":"page","link":"https:\/\/cargamaquina.com.br\/novo-site\/sobre\/","title":{"rendered":"Sobre"},"content":{"rendered":"[vc_row 0=&#8221;&#8221;][vc_column 0=&#8221;&#8221;][vc_empty_space height=&#8221;80&#8243;][vc_column_text 0=&#8221;&#8221;]\n<h3 style=\"text-align: center;\">SOBRE<\/h3>\n[\/vc_column_text][vc_separator 0=&#8221;&#8221;][\/vc_column][\/vc_row][vc_row full_width=&#8221;stretch_row&#8221; css=&#8221;.vc_custom_1566588651551{background-color: #ffffff !important;}&#8221;][vc_column width=&#8221;1\/2&#8243;][vc_column_text 0=&#8221;&#8221;]O<strong> <a href=\"https:\/\/cargamaquina.com.br\/novo-site\/a-plataforma\/\"><strong><span style=\"color: #db6a26;\">Carga M\u00e1quina <\/span><\/strong><\/a><\/strong>\u00e9 uma solu\u00e7\u00e3o desenvolvida pelo <a href=\"http:\/\/silcom.com.br\/\"><strong>Grupo Silcom<\/strong><\/a>, uma empresa que atua no segmento de tecnologia desde 1996. Foram <strong><a href=\"https:\/\/cargamaquina.com.br\/novo-site\/a-plataforma\/\"><strong><span style=\"color: #db6a26;\">6 anos de projeto <\/span><\/strong><\/a><\/strong>para desenvolver uma ferramenta que pudesse<strong><a href=\"https:\/\/cargamaquina.com.br\/novo-site\/a-plataforma\/\"><strong><span style=\"color: #db6a26;\"> suprir as necessidades de gest\u00e3o e controle de produ\u00e7\u00e3o <\/span><\/strong><\/a><\/strong>que nem os mais avan\u00e7ados ERPs conseguem. Os sistemas mais simples est\u00e3o cheios de limita\u00e7\u00f5es e os sistemas mais avan\u00e7ados s\u00e3o t\u00e3o complicados e caros que se tornam invi\u00e1veis e decepcionantes. A sa\u00edda que muitas empresas encontram \u00e9 controlar a produ\u00e7\u00e3o atrav\u00e9s de planilhas que, al\u00e9m de ultrapassadas, est\u00e3o sujeitas a erros e demandam muito tempo.[\/vc_column_text][mvc_advanced_button btn_text=&#8221;FALE AGORA CONOSCO&#8221; padding_left=&#8221;30&#8243; transform=&#8221;uppercase&#8221; text_decoration=&#8221;none&#8221; google_fonts=&#8221;font_family:Montserrat%3Aregular%2C700|font_style:700%20bold%20regular%3A700%3Anormal&#8221; caption_url=&#8221;&#8221; btn_clr=&#8221;#ffffff&#8221; btn_bg=&#8221;#4daf74&#8243; btn_hvrclr=&#8221;#ffffff&#8221; btn_hvrbg=&#8221;#d76925&#8243; btn_radius=&#8221;5&#8243; caption_urls=&#8221;&#8221; caption_urlss=&#8221;&#8221; btn_url=&#8221;url:https%3A%2F%2Fcargamaquina.com.br%2Fnovo-site%2Fcontato-comercial%2F%23contato|||&#8221;][\/vc_column][vc_column width=&#8221;1\/2&#8243;][vc_single_image image=&#8221;8040&#8243; img_size=&#8221;large&#8221; onclick=&#8221;custom_link&#8221; link=&#8221;http:\/\/silcom.com.br\/&#8221;][\/vc_column][\/vc_row][vc_row full_width=&#8221;stretch_row&#8221; css=&#8221;.vc_custom_1566588651551{background-color: #ffffff !important;}&#8221;][vc_column width=&#8221;1\/2&#8243;][vc_single_image image=&#8221;460&#8243; img_size=&#8221;500&#215;300&#8243; alignment=&#8221;center&#8221;][\/vc_column][vc_column width=&#8221;1\/2&#8243;][vc_column_text 0=&#8221;&#8221;]<a href=\"https:\/\/cargamaquina.com.br\/novo-site\/a-plataforma\/\"><strong><span style=\"color: #db6a26;\">Carga M\u00e1quina<\/span><\/strong><\/a> \u00e9 um dos conceitos mais importantes na <strong><a href=\"https:\/\/cargamaquina.com.br\/novo-site\/a-plataforma\/\"><span style=\"color: #db6a26;\">Gest\u00e3o da Produ\u00e7\u00e3o Industrial.<\/span><\/a><\/strong> Ele remete ao quanto uma m\u00e1quina est\u00e1 carregada ou sobrecarregada de servi\u00e7os. Isto quer dizer que quando h\u00e1 uma <strong><a href=\"https:\/\/cargamaquina.com.br\/novo-site\/a-plataforma\/\"><span style=\"color: #db6a26;\">programa\u00e7\u00e3o de produ\u00e7\u00e3o<\/span><\/a><\/strong> feita pelo PCP (Planejamento e Controle da Produ\u00e7\u00e3o), leva-se em conta qual a m\u00e1quina mais &#8220;vazia&#8221; ou com menos trabalhos para que seja poss\u00edvel <strong><a href=\"https:\/\/cargamaquina.com.br\/novo-site\/a-plataforma\/\"><span style=\"color: #db6a26;\">otimizar ao m\u00e1ximo<\/span><\/a><\/strong> a produ\u00e7\u00e3o e <strong><a href=\"https:\/\/cargamaquina.com.br\/novo-site\/a-plataforma\/\"><span style=\"color: #db6a26;\">diminuir custos e prazos<\/span><\/a><\/strong>.<\/p>\n<p>O conceito do Carga M\u00e1quina est\u00e1 ligado principalmente \u00e0s tarefas ligadas ao\u00a0<strong><a href=\"https:\/\/cargamaquina.com.br\/novo-site\/a-plataforma\/\"><span style=\"color: #db6a26;\">Ch\u00e3o de F\u00e1brica, ao PPCP (Planejamento, Programa\u00e7\u00e3o e Controle da Produ\u00e7\u00e3o),<\/span><\/a><\/strong> e \u00e0s atividades de <strong><a href=\"https:\/\/cargamaquina.com.br\/novo-site\/a-plataforma\/\"><span style=\"color: #db6a26;\">Sequenciamento das OPs\u00a0(Ordens de Produ\u00e7\u00e3o),<\/span><\/a><\/strong> que s\u00e3o as atividades mais trabalhosas e demoradas quando executadas manualmente.[\/vc_column_text][mvc_advanced_button btn_text=&#8221;ENTRE EM CONTATO&#8221; padding_left=&#8221;30&#8243; transform=&#8221;uppercase&#8221; text_decoration=&#8221;none&#8221; google_fonts=&#8221;font_family:Montserrat%3Aregular%2C700|font_style:700%20bold%20regular%3A700%3Anormal&#8221; caption_url=&#8221;&#8221; btn_clr=&#8221;#ffffff&#8221; btn_bg=&#8221;#4daf74&#8243; btn_hvrclr=&#8221;#ffffff&#8221; btn_hvrbg=&#8221;#d76925&#8243; btn_radius=&#8221;5&#8243; caption_urls=&#8221;&#8221; caption_urlss=&#8221;&#8221; btn_url=&#8221;url:https%3A%2F%2Fcargamaquina.com.br%2Fnovo-site%2Fcontato-comercial%2F%23contato|||&#8221;][\/vc_column][\/vc_row][vc_row full_width=&#8221;stretch_row&#8221; css=&#8221;.vc_custom_1566588846121{background-color: #ffffff !important;}&#8221;][vc_column width=&#8221;1\/2&#8243;][vc_column_text 0=&#8221;&#8221;]N\u00e3o \u00e9 por acaso que escolhemos esse conceito para batizar o nosso <strong><a href=\"https:\/\/cargamaquina.com.br\/novo-site\/a-plataforma\/\"><span style=\"color: #db6a26;\">software CARGA M\u00c1QUINA.<\/span><\/a><\/strong> Um sistema altamente especializado e voltado para o <strong><a href=\"https:\/\/cargamaquina.com.br\/novo-site\/a-plataforma\/\"><span style=\"color: #db6a26;\">controle e gest\u00e3o da sua produ\u00e7\u00e3o industrial.<\/span><\/a><\/strong> Flex\u00edvel e customiz\u00e1vel, <strong><a href=\"https:\/\/cargamaquina.com.br\/novo-site\/a-plataforma\/\"><span style=\"color: #db6a26;\">atendemos ind\u00fastrias de v\u00e1rios segmentos e portes<\/span><\/a><\/strong> de forma eficiente, moderna e congruente com os conceitos da nova <strong><a href=\"https:\/\/cargamaquina.com.br\/novo-site\/a-plataforma\/\"><span style=\"color: #db6a26;\">Industria 4.0.<\/span><\/a><\/strong>[\/vc_column_text][vc_column_text 0=&#8221;&#8221;]Nossa proposta \u00e9 simplificar o seu trabalho com um<strong><a href=\"https:\/\/cargamaquina.com.br\/novo-site\/a-plataforma\/\"><span style=\"color: #db6a26;\"> sistema modular e intuitivo <\/span><\/a><\/strong>de f\u00e1cil compreens\u00e3o e entendimento por todos os n\u00edveis de pessoas da sua empresa. Com um<strong> <span style=\"color: #db6a26;\">sistema completamente moderno <\/span><\/strong>(pode ser rodado em tablets, smartphones e televisores), sua f\u00e1brica pode ser<strong> <span style=\"color: #db6a26;\">controlada em tempo real <\/span><\/strong>de qualquer lugar com acesso a internet. Saiba exatamente o que est\u00e1 sendo feito e a<strong> <a href=\"https:\/\/cargamaquina.com.br\/novo-site\/a-plataforma\/\"><span style=\"color: #db6a26;\">previs\u00e3o de t\u00e9rmino <\/span><\/a><\/strong>de cada ordem. Otimize o planejamento da sua produ\u00e7\u00e3o com<strong><span style=\"color: #db6a26;\"> c\u00e1lculos autom\u00e1ticos <\/span><\/strong>de insumos,<strong><a href=\"https:\/\/cargamaquina.com.br\/novo-site\/a-plataforma\/\"><span style=\"color: #db6a26;\"> distribui\u00e7\u00e3o autom\u00e1tica das ordens <\/span><\/a><\/strong>de servi\u00e7o e<strong> <span style=\"color: #db6a26;\">programa\u00e7\u00e3o da fila de produ\u00e7\u00e3o <\/span><\/strong>de forma inteligente. Saiba o tempo exato de produ\u00e7\u00e3o do seu pedido e acompanhe os <strong><a href=\"https:\/\/cargamaquina.com.br\/novo-site\/a-plataforma\/\"><span style=\"color: #db6a26;\">indicadores simult\u00e2neos<\/span><\/a><\/strong> para alterar suas prioridades, caso necess\u00e1rio.[\/vc_column_text][mvc_advanced_button btn_text=&#8221;AGENDE UMA DEMONSTRA\u00c7\u00c3O ONLINE&#8221; padding_left=&#8221;30&#8243; transform=&#8221;uppercase&#8221; text_decoration=&#8221;none&#8221; google_fonts=&#8221;font_family:Montserrat%3Aregular%2C700|font_style:700%20bold%20regular%3A700%3Anormal&#8221; caption_url=&#8221;&#8221; btn_clr=&#8221;#ffffff&#8221; btn_bg=&#8221;#4daf74&#8243; btn_hvrclr=&#8221;#ffffff&#8221; btn_hvrbg=&#8221;#d76925&#8243; btn_radius=&#8221;5&#8243; caption_urls=&#8221;&#8221; caption_urlss=&#8221;&#8221; btn_url=&#8221;url:https%3A%2F%2Fcargamaquina.com.br%2Fnovo-site%2Fcontato-comercial%2F%23contato|||&#8221;][\/vc_column][vc_column width=&#8221;1\/2&#8243;][vc_single_image image=&#8221;511&#8243; img_size=&#8221;large&#8221; alignment=&#8221;center&#8221; css=&#8221;.vc_custom_1567514774489{margin-top: -15px !important;}&#8221;][\/vc_column][\/vc_row][vc_row full_width=&#8221;stretch_row&#8221; css=&#8221;.vc_custom_1566588855488{background-color: #ffffff !important;}&#8221;][vc_column 0=&#8221;&#8221;][\/vc_column][\/vc_row]\n","protected":false},"excerpt":{"rendered":"<p>[vc_row 0=&#8221;&#8221;][vc_column 0=&#8221;&#8221;][vc_empty_space height=&#8221;80&#8243;][vc_column_text 0=&#8221;&#8221;] SOBRE [\/vc_column_text][vc_separator 0=&#8221;&#8221;][\/vc_column][\/vc_row][vc_row full_width=&#8221;stretch_row&#8221; css=&#8221;.vc_custom_1566588651551{background-color: #ffffff !important;}&#8221;][vc_column width=&#8221;1\/2&#8243;][vc_column_text 0=&#8221;&#8221;]O Carga M\u00e1quina \u00e9 uma solu\u00e7\u00e3o desenvolvida pelo Grupo Silcom, uma empresa que<span class=\"excerpt-hellip\"> [\u2026]<\/span><\/p>\n","protected":false},"author":1,"featured_media":0,"parent":0,"menu_order":0,"comment_status":"closed","ping_status":"closed","template":"","meta":{"_exactmetrics_skip_tracking":false,"_exactmetrics_sitenote_active":false,"_exactmetrics_sitenote_note":"","_exactmetrics_sitenote_category":0,"_joinchat":[],"footnotes":""},"class_list":["post-91275","page","type-page","status-publish","hentry"],"yoast_head":"<!-- This site is optimized with the Yoast SEO plugin v27.5 - https:\/\/yoast.com\/product\/yoast-seo-wordpress\/ -->\n<title>Sobre - Carga M\u00e1quina<\/title>\n<meta name=\"robots\" content=\"index, follow, max-snippet:-1, max-image-preview:large, max-video-preview:-1\" \/>\n<link rel=\"canonical\" href=\"https:\/\/cargamaquina.com.br\/novo-site\/sobre\/\" \/>\n<meta property=\"og:locale\" content=\"pt_BR\" \/>\n<meta property=\"og:type\" content=\"article\" \/>\n<meta property=\"og:title\" content=\"Sobre - Carga M\u00e1quina\" \/>\n<meta property=\"og:description\" content=\"[vc_row 0=&#8221;&#8221;][vc_column 0=&#8221;&#8221;][vc_empty_space height=&#8221;80&#8243;][vc_column_text 0=&#8221;&#8221;] SOBRE [\/vc_column_text][vc_separator 0=&#8221;&#8221;][\/vc_column][\/vc_row][vc_row full_width=&#8221;stretch_row&#8221; css=&#8221;.vc_custom_1566588651551{background-color: #ffffff !important;}&#8221;][vc_column width=&#8221;1\/2&#8243;][vc_column_text 0=&#8221;&#8221;]O Carga M\u00e1quina \u00e9 uma solu\u00e7\u00e3o desenvolvida pelo Grupo Silcom, uma empresa que [\u2026]\" \/>\n<meta property=\"og:url\" content=\"https:\/\/cargamaquina.com.br\/novo-site\/sobre\/\" \/>\n<meta property=\"og:site_name\" content=\"Carga M\u00e1quina\" \/>\n<meta property=\"article:modified_time\" content=\"2024-04-03T22:38:02+00:00\" \/>\n<meta name=\"twitter:card\" content=\"summary_large_image\" \/>\n<meta name=\"twitter:label1\" content=\"Est. tempo de leitura\" \/>\n\t<meta name=\"twitter:data1\" content=\"4 minutos\" \/>\n<script type=\"application\/ld+json\" class=\"yoast-schema-graph\">{\"@context\":\"https:\\\/\\\/schema.org\",\"@graph\":[{\"@type\":\"WebPage\",\"@id\":\"https:\\\/\\\/cargamaquina.com.br\\\/novo-site\\\/sobre\\\/\",\"url\":\"https:\\\/\\\/cargamaquina.com.br\\\/novo-site\\\/sobre\\\/\",\"name\":\"Sobre - Carga M\u00e1quina\",\"isPartOf\":{\"@id\":\"https:\\\/\\\/cargamaquina.com.br\\\/novo-site\\\/#website\"},\"datePublished\":\"2022-04-07T13:29:51+00:00\",\"dateModified\":\"2024-04-03T22:38:02+00:00\",\"breadcrumb\":{\"@id\":\"https:\\\/\\\/cargamaquina.com.br\\\/novo-site\\\/sobre\\\/#breadcrumb\"},\"inLanguage\":\"pt-BR\",\"potentialAction\":[{\"@type\":\"ReadAction\",\"target\":[\"https:\\\/\\\/cargamaquina.com.br\\\/novo-site\\\/sobre\\\/\"]}]},{\"@type\":\"BreadcrumbList\",\"@id\":\"https:\\\/\\\/cargamaquina.com.br\\\/novo-site\\\/sobre\\\/#breadcrumb\",\"itemListElement\":[{\"@type\":\"ListItem\",\"position\":1,\"name\":\"In\u00edcio\",\"item\":\"https:\\\/\\\/cargamaquina.com.br\\\/novo-site\\\/\"},{\"@type\":\"ListItem\",\"position\":2,\"name\":\"Sobre\"}]},{\"@type\":\"WebSite\",\"@id\":\"https:\\\/\\\/cargamaquina.com.br\\\/novo-site\\\/#website\",\"url\":\"https:\\\/\\\/cargamaquina.com.br\\\/novo-site\\\/\",\"name\":\"Carga M\u00e1quina\",\"description\":\"Software para controle de produ\u00e7\u00e3o\",\"potentialAction\":[{\"@type\":\"SearchAction\",\"target\":{\"@type\":\"EntryPoint\",\"urlTemplate\":\"https:\\\/\\\/cargamaquina.com.br\\\/novo-site\\\/?s={search_term_string}\"},\"query-input\":{\"@type\":\"PropertyValueSpecification\",\"valueRequired\":true,\"valueName\":\"search_term_string\"}}],\"inLanguage\":\"pt-BR\"}]}<\/script>\n<!-- \/ Yoast SEO plugin. -->","yoast_head_json":{"title":"Sobre - Carga M\u00e1quina","robots":{"index":"index","follow":"follow","max-snippet":"max-snippet:-1","max-image-preview":"max-image-preview:large","max-video-preview":"max-video-preview:-1"},"canonical":"https:\/\/cargamaquina.com.br\/novo-site\/sobre\/","og_locale":"pt_BR","og_type":"article","og_title":"Sobre - Carga M\u00e1quina","og_description":"[vc_row 0=&#8221;&#8221;][vc_column 0=&#8221;&#8221;][vc_empty_space height=&#8221;80&#8243;][vc_column_text 0=&#8221;&#8221;] SOBRE [\/vc_column_text][vc_separator 0=&#8221;&#8221;][\/vc_column][\/vc_row][vc_row full_width=&#8221;stretch_row&#8221; css=&#8221;.vc_custom_1566588651551{background-color: #ffffff !important;}&#8221;][vc_column width=&#8221;1\/2&#8243;][vc_column_text 0=&#8221;&#8221;]O Carga M\u00e1quina \u00e9 uma solu\u00e7\u00e3o desenvolvida pelo Grupo Silcom, uma empresa que [\u2026]","og_url":"https:\/\/cargamaquina.com.br\/novo-site\/sobre\/","og_site_name":"Carga M\u00e1quina","article_modified_time":"2024-04-03T22:38:02+00:00","twitter_card":"summary_large_image","twitter_misc":{"Est. tempo de leitura":"4 minutos"},"schema":{"@context":"https:\/\/schema.org","@graph":[{"@type":"WebPage","@id":"https:\/\/cargamaquina.com.br\/novo-site\/sobre\/","url":"https:\/\/cargamaquina.com.br\/novo-site\/sobre\/","name":"Sobre - Carga M\u00e1quina","isPartOf":{"@id":"https:\/\/cargamaquina.com.br\/novo-site\/#website"},"datePublished":"2022-04-07T13:29:51+00:00","dateModified":"2024-04-03T22:38:02+00:00","breadcrumb":{"@id":"https:\/\/cargamaquina.com.br\/novo-site\/sobre\/#breadcrumb"},"inLanguage":"pt-BR","potentialAction":[{"@type":"ReadAction","target":["https:\/\/cargamaquina.com.br\/novo-site\/sobre\/"]}]},{"@type":"BreadcrumbList","@id":"https:\/\/cargamaquina.com.br\/novo-site\/sobre\/#breadcrumb","itemListElement":[{"@type":"ListItem","position":1,"name":"In\u00edcio","item":"https:\/\/cargamaquina.com.br\/novo-site\/"},{"@type":"ListItem","position":2,"name":"Sobre"}]},{"@type":"WebSite","@id":"https:\/\/cargamaquina.com.br\/novo-site\/#website","url":"https:\/\/cargamaquina.com.br\/novo-site\/","name":"Carga M\u00e1quina","description":"Software para controle de produ\u00e7\u00e3o","potentialAction":[{"@type":"SearchAction","target":{"@type":"EntryPoint","urlTemplate":"https:\/\/cargamaquina.com.br\/novo-site\/?s={search_term_string}"},"query-input":{"@type":"PropertyValueSpecification","valueRequired":true,"valueName":"search_term_string"}}],"inLanguage":"pt-BR"}]}},"_links":{"self":[{"href":"https:\/\/cargamaquina.com.br\/novo-site\/wp-json\/wp\/v2\/pages\/91275","targetHints":{"allow":["GET"]}}],"collection":[{"href":"https:\/\/cargamaquina.com.br\/novo-site\/wp-json\/wp\/v2\/pages"}],"about":[{"href":"https:\/\/cargamaquina.com.br\/novo-site\/wp-json\/wp\/v2\/types\/page"}],"author":[{"embeddable":true,"href":"https:\/\/cargamaquina.com.br\/novo-site\/wp-json\/wp\/v2\/users\/1"}],"replies":[{"embeddable":true,"href":"https:\/\/cargamaquina.com.br\/novo-site\/wp-json\/wp\/v2\/comments?post=91275"}],"version-history":[{"count":0,"href":"https:\/\/cargamaquina.com.br\/novo-site\/wp-json\/wp\/v2\/pages\/91275\/revisions"}],"wp:attachment":[{"href":"https:\/\/cargamaquina.com.br\/novo-site\/wp-json\/wp\/v2\/media?parent=91275"}],"curies":[{"name":"wp","href":"https:\/\/api.w.org\/{rel}","templated":true}]}}