{"id":374,"date":"2019-08-21T13:01:41","date_gmt":"2019-08-21T16:01:41","guid":{"rendered":"https:\/\/cargamaquina.com.br\/novo-site\/?page_id=374"},"modified":"2022-03-09T15:20:22","modified_gmt":"2022-03-09T18:20:22","slug":"produtos-de-metal","status":"publish","type":"page","link":"https:\/\/cargamaquina.com.br\/novo-site\/setores\/produtos-de-metal\/","title":{"rendered":"Produtos de Metal"},"content":{"rendered":"[vc_row][vc_column][vc_empty_space height=&#8221;80px&#8221;][\/vc_column][\/vc_row][vc_row full_width=&#8221;stretch_row_content&#8221;][vc_column width=&#8221;1\/12&#8243;]<div class=\"hover_box\"><a href=\"https:\/\/cargamaquina.com.br\/novo-site\/setores\/alimenticio\/\" ><div class=\"hover_box_wrapper\"><img loading=\"lazy\" decoding=\"async\" class=\"visible_photo scale-with-grid\" src=\"https:\/\/cargamaquina.com.br\/novo-site\/wp-content\/uploads\/2019\/08\/site-carga-maquina-alimenticios-cinza.png\" alt=\"site-carga-maquina-alimenticios-cinza\" width=\"83\" height=\"83\"\/><img loading=\"lazy\" decoding=\"async\" class=\"hidden_photo scale-with-grid\" src=\"https:\/\/cargamaquina.com.br\/novo-site\/wp-content\/uploads\/2019\/08\/site-carga-maquina-alimentos.png\" alt=\"gest\u00e3o de produ\u00e7\u00e3o\" width=\"82\" height=\"82\"\/><\/div><\/a><\/div>\n[vc_column_text css=&#8221;.vc_custom_1566396190491{margin-top: -20px !important;}&#8221;]\n<h6 style=\"text-align: center;\">Aliment\u00edcios<\/h6>\n[\/vc_column_text][\/vc_column][vc_column width=&#8221;1\/12&#8243;]<div class=\"hover_box\"><a href=\"https:\/\/cargamaquina.com.br\/novo-site\/setores\/metalurgia\/\" ><div class=\"hover_box_wrapper\"><img loading=\"lazy\" decoding=\"async\" class=\"visible_photo scale-with-grid\" src=\"https:\/\/cargamaquina.com.br\/novo-site\/wp-content\/uploads\/2019\/08\/site-carga-maquina-metalurgia-cinza.png\" alt=\"site-carga-maquina-metalurgia-cinza\" width=\"79\" height=\"79\"\/><img loading=\"lazy\" decoding=\"async\" class=\"hidden_photo scale-with-grid\" src=\"https:\/\/cargamaquina.com.br\/novo-site\/wp-content\/uploads\/2019\/08\/site-carga-maquina-metalurgia.png\" alt=\"site-carga-maquina-metalurgia\" width=\"79\" height=\"78\"\/><\/div><\/a><\/div>\n[vc_column_text css=&#8221;.vc_custom_1566396451553{margin-top: -18px !important;}&#8221;]\n<h6 style=\"text-align: center;\">Metalurgia<\/h6>\n[\/vc_column_text][\/vc_column][vc_column width=&#8221;1\/12&#8243;]<div class=\"hover_box\"><a href=\"https:\/\/cargamaquina.com.br\/novo-site\/setores\/maquinas-e-equipamentos\/\" ><div class=\"hover_box_wrapper\"><img loading=\"lazy\" decoding=\"async\" class=\"visible_photo scale-with-grid\" src=\"https:\/\/cargamaquina.com.br\/novo-site\/wp-content\/uploads\/2019\/08\/site-carga-maquina-maquinas-e-equipamentos-cinza.png\" alt=\"site-carga-maquina-maquinas-e-equipamentos-cinza\" width=\"87\" height=\"80\"\/><img loading=\"lazy\" decoding=\"async\" class=\"hidden_photo scale-with-grid\" src=\"https:\/\/cargamaquina.com.br\/novo-site\/wp-content\/uploads\/2019\/08\/site-carga-maquina-maquinas-equipamentos.png\" alt=\"site-carga-maquina-maquinas-equipamentos\" width=\"87\" height=\"80\"\/><\/div><\/a><\/div>\n[vc_column_text css=&#8221;.vc_custom_1566396480795{margin-top: -20px !important;}&#8221;]\n<h6 style=\"text-align: center;\">M\u00e1quinas e Equipamentos<\/h6>\n[\/vc_column_text][\/vc_column][vc_column width=&#8221;1\/12&#8243;]<div class=\"hover_box\"><a href=\"https:\/\/cargamaquina.com.br\/novo-site\/setores\/borracha-e-plastico\/\" ><div class=\"hover_box_wrapper\"><img loading=\"lazy\" decoding=\"async\" class=\"visible_photo scale-with-grid\" src=\"https:\/\/cargamaquina.com.br\/novo-site\/wp-content\/uploads\/2019\/08\/site-carga-maquina-borracha-e-material-plastico-2.png\" alt=\"site-carga-maquina-borracha-e-material-plastico\" width=\"77\" height=\"77\"\/><img loading=\"lazy\" decoding=\"async\" class=\"hidden_photo scale-with-grid\" src=\"https:\/\/cargamaquina.com.br\/novo-site\/wp-content\/uploads\/2019\/08\/site-carga-maquina-borracha-e-material-plastico.png\" alt=\"site-carga-maquina-borracha-e-material-plastico\" width=\"76\" height=\"76\"\/><\/div><\/a><\/div>\n[vc_column_text css=&#8221;.vc_custom_1566396539531{margin-top: -20px !important;}&#8221;]\n<h6 style=\"text-align: center;\">Borracha e Pl\u00e1stico<\/h6>\n[\/vc_column_text][\/vc_column][vc_column width=&#8221;1\/12&#8243;]<div class=\"hover_box\"><a href=\"https:\/\/cargamaquina.com.br\/novo-site\/setores\/bebidas\/\" ><div class=\"hover_box_wrapper\"><img loading=\"lazy\" decoding=\"async\" class=\"visible_photo scale-with-grid\" src=\"https:\/\/cargamaquina.com.br\/novo-site\/wp-content\/uploads\/2019\/08\/site-carga-maquina-bebidas-cinza.png\" alt=\"site-carga-maquina-bebidas-cinza\" width=\"38\" height=\"85\"\/><img loading=\"lazy\" decoding=\"async\" class=\"hidden_photo scale-with-grid\" src=\"https:\/\/cargamaquina.com.br\/novo-site\/wp-content\/uploads\/2019\/08\/site-carga-maquina-bebidas.png\" alt=\"site-carga-maquina-bebidas\" width=\"38\" height=\"84\"\/><\/div><\/a><\/div>\n[vc_column_text css=&#8221;.vc_custom_1566396586678{margin-top: -20px !important;}&#8221;]\n<h6 style=\"text-align: center;\">Bebidas<\/h6>\n[\/vc_column_text][\/vc_column][vc_column width=&#8221;1\/12&#8243;]<div class=\"hover_box\"><a href=\"https:\/\/cargamaquina.com.br\/novo-site\/setores\/produtos-de-metal\/\" ><div class=\"hover_box_wrapper\"><img loading=\"lazy\" decoding=\"async\" class=\"visible_photo scale-with-grid\" src=\"https:\/\/cargamaquina.com.br\/novo-site\/wp-content\/uploads\/2019\/08\/site-carga-maquina-produtos-de-metal.png\" alt=\"site-carga-maquina-produtos-de-metal\" width=\"66\" height=\"70\"\/><img loading=\"lazy\" decoding=\"async\" class=\"hidden_photo scale-with-grid\" src=\"https:\/\/cargamaquina.com.br\/novo-site\/wp-content\/uploads\/2019\/08\/site-carga-maquina-produtos-de-metal.png\" alt=\"site-carga-maquina-produtos-de-metal\" width=\"66\" height=\"70\"\/><\/div><\/a><\/div>\n[vc_column_text css=&#8221;.vc_custom_1566396946705{margin-top: -16px !important;}&#8221;]\n<h6 style=\"text-align: center;\">Produtos de Metal<\/h6>\n[\/vc_column_text][\/vc_column][vc_column width=&#8221;1\/12&#8243;]<div class=\"hover_box\"><a href=\"https:\/\/cargamaquina.com.br\/novo-site\/setores\/materiais-eletricos\/\" ><div class=\"hover_box_wrapper\"><img loading=\"lazy\" decoding=\"async\" class=\"visible_photo scale-with-grid\" src=\"https:\/\/cargamaquina.com.br\/novo-site\/wp-content\/uploads\/2019\/08\/site-carga-maquina-maquinas-material-eletricos-cinza.png\" alt=\"site-carga-maquina-maquinas-material-eletricos-cinza\" width=\"61\" height=\"72\"\/><img loading=\"lazy\" decoding=\"async\" class=\"hidden_photo scale-with-grid\" src=\"https:\/\/cargamaquina.com.br\/novo-site\/wp-content\/uploads\/2019\/08\/site-carga-maquina-maquinas-materiais-eletronicos.png\" alt=\"site-carga-maquina-maquinas-materiais-eletronicos\" width=\"61\" height=\"71\"\/><\/div><\/a><\/div>\n[vc_column_text css=&#8221;.vc_custom_1566396654608{margin-top: -20px !important;}&#8221;]\n<h6 style=\"text-align: center;\">Materiais el\u00e9tricos<\/h6>\n[\/vc_column_text][\/vc_column][vc_column width=&#8221;1\/12&#8243;]<div class=\"hover_box\"><a href=\"https:\/\/cargamaquina.com.br\/novo-site\/setores\/informatica-eletronicos-e-opticos\/\" ><div class=\"hover_box_wrapper\"><img loading=\"lazy\" decoding=\"async\" class=\"visible_photo scale-with-grid\" src=\"https:\/\/cargamaquina.com.br\/novo-site\/wp-content\/uploads\/2019\/08\/site-carga-maquina-informatica-eletronicos-e-opticos-1.png\" alt=\"site-carga-maquina-informatica-eletronicos-e-opticos\" width=\"77\" height=\"60\"\/><img loading=\"lazy\" decoding=\"async\" class=\"hidden_photo scale-with-grid\" src=\"https:\/\/cargamaquina.com.br\/novo-site\/wp-content\/uploads\/2019\/08\/site-carga-maquina-informatica-eletronicos-opticos.png\" alt=\"site-carga-maquina-informatica-eletronicos-opticos\" width=\"76\" height=\"59\"\/><\/div><\/a><\/div>\n[vc_column_text css=&#8221;.vc_custom_1566396955408{margin-top: -15px !important;}&#8221;]\n<h6 style=\"text-align: center;\">Inform\u00e1tica, Eletr\u00f4nicos e \u00d3pticos<\/h6>\n[\/vc_column_text][\/vc_column][vc_column width=&#8221;1\/12&#8243;]<div class=\"hover_box\"><a href=\"https:\/\/cargamaquina.com.br\/novo-site\/setores\/couro-e-calcados\/\" ><div class=\"hover_box_wrapper\"><img loading=\"lazy\" decoding=\"async\" class=\"visible_photo scale-with-grid\" src=\"https:\/\/cargamaquina.com.br\/novo-site\/wp-content\/uploads\/2019\/08\/site-carga-maquina-couro-e-calcados-1.png\" alt=\"site-carga-maquina-couro-e-calcados\" width=\"72\" height=\"72\"\/><img loading=\"lazy\" decoding=\"async\" class=\"hidden_photo scale-with-grid\" src=\"https:\/\/cargamaquina.com.br\/novo-site\/wp-content\/uploads\/2019\/08\/site-carga-maquina-couro-calcados.png\" alt=\"site-carga-maquina-couro-calcados\" width=\"72\" height=\"71\"\/><\/div><\/a><\/div>\n[vc_column_text css=&#8221;.vc_custom_1566396743612{margin-top: -20px !important;}&#8221;]\n<h6 style=\"text-align: center;\">Couro e Cal\u00e7ados<\/h6>\n[\/vc_column_text][\/vc_column][vc_column width=&#8221;1\/12&#8243;]<div class=\"hover_box\"><a href=\"https:\/\/cargamaquina.com.br\/novo-site\/setores\/textil\/\" ><div class=\"hover_box_wrapper\"><img loading=\"lazy\" decoding=\"async\" class=\"visible_photo scale-with-grid\" src=\"https:\/\/cargamaquina.com.br\/novo-site\/wp-content\/uploads\/2019\/08\/site-carga-maquina-texteis-cinza.png\" alt=\"site-carga-maquina-texteis-cinza\" width=\"83\" height=\"87\"\/><img loading=\"lazy\" decoding=\"async\" class=\"hidden_photo scale-with-grid\" src=\"https:\/\/cargamaquina.com.br\/novo-site\/wp-content\/uploads\/2019\/08\/site-carga-maquina-texteis.png\" alt=\"site-carga-maquina-texteis\" width=\"83\" height=\"87\"\/><\/div><\/a><\/div>\n[vc_column_text css=&#8221;.vc_custom_1566396782093{margin-top: -20px !important;}&#8221;]\n<h6 style=\"text-align: center;\">T\u00eaxtil<\/h6>\n[\/vc_column_text][\/vc_column][vc_column width=&#8221;1\/12&#8243;]<div class=\"hover_box\"><a href=\"https:\/\/cargamaquina.com.br\/novo-site\/setores\/moveleira\/\" ><div class=\"hover_box_wrapper\"><img loading=\"lazy\" decoding=\"async\" class=\"visible_photo scale-with-grid\" src=\"https:\/\/cargamaquina.com.br\/novo-site\/wp-content\/uploads\/2019\/08\/site-carga-maquina-moveis-cinza.png\" alt=\"site-carga-maquina-moveis-cinza\" width=\"75\" height=\"75\"\/><img loading=\"lazy\" decoding=\"async\" class=\"hidden_photo scale-with-grid\" src=\"https:\/\/cargamaquina.com.br\/novo-site\/wp-content\/uploads\/2019\/08\/site-carga-maquina-moveis.png\" alt=\"site-carga-maquina-moveis\" width=\"74\" height=\"74\"\/><\/div><\/a><\/div>\n[vc_column_text css=&#8221;.vc_custom_1566396820446{margin-top: -20px !important;}&#8221;]\n<h6 style=\"text-align: center;\">M\u00f3veis<\/h6>\n[\/vc_column_text][\/vc_column][vc_column width=&#8221;1\/12&#8243;]<div class=\"hover_box\"><a href=\"https:\/\/cargamaquina.com.br\/novo-site\/setores\/impressao-e-reproducao\/\" ><div class=\"hover_box_wrapper\"><img loading=\"lazy\" decoding=\"async\" class=\"visible_photo scale-with-grid\" src=\"https:\/\/cargamaquina.com.br\/novo-site\/wp-content\/uploads\/2019\/08\/site-carga-maquina-impressao-e-reproducao-cinza.png\" alt=\"site-carga-maquina-impressao-e-reproducao-cinza\" width=\"69\" height=\"66\"\/><img loading=\"lazy\" decoding=\"async\" class=\"hidden_photo scale-with-grid\" src=\"https:\/\/cargamaquina.com.br\/novo-site\/wp-content\/uploads\/2019\/08\/site-carga-maquina-impressao-reproducao.png\" alt=\"site-carga-maquina-impressao-reproducao\" width=\"68\" height=\"65\"\/><\/div><\/a><\/div>\n[vc_column_text css=&#8221;.vc_custom_1566326095238{margin-top: -20px !important;}&#8221;]\n<p style=\"text-align: center;\">Impress\u00e3o e Reprodu\u00e7\u00e3o<\/p>\n[\/vc_column_text][\/vc_column][\/vc_row][vc_row full_width=&#8221;stretch_row&#8221; content_placement=&#8221;middle&#8221; parallax=&#8221;content-moving&#8221; parallax_image=&#8221;327&#8243; parallax_speed_bg=&#8221;2.0&#8243; css=&#8221;.vc_custom_1566403238674{margin-top: -20px !important;}&#8221;][vc_column][vc_column_text]\n<h1 style=\"text-align: center;\"><strong><span style=\"font-size: 120%;\"><span style=\"color: #ffffff;\">PRODUTOS DE METAL<\/span><\/span><\/strong><\/h1>\n[\/vc_column_text][\/vc_column][\/vc_row][vc_row full_width=&#8221;stretch_row&#8221; content_placement=&#8221;middle&#8221; css=&#8221;.vc_custom_1566395105563{background-color: #ffffff !important;}&#8221;][vc_column width=&#8221;1\/3&#8243;][vc_column_text]Como os sistemas industriais n\u00e3o param de crescer, \u00e9 necess\u00e1rio adotar cada vez mais ferramentas que fomentam o aumento do ritmo produtivo e da seguran\u00e7a dos envolvidos.<br \/>\nHoje em dia, a tecnologia para ind\u00fastria se tornou parte essencial do desenvolvimento de qualquer gest\u00e3o.[\/vc_column_text][vc_column_text]Com a chegada da Ind\u00fastria 4.0, o uso da tecnologia na gest\u00e3o empresarial se tornou vital para ind\u00fastrias que desejam se manter competitivas. Afinal, \u00e9 preciso de cada vez mais agilidade e capacidade de inovar.[\/vc_column_text][\/vc_column][vc_column width=&#8221;1\/3&#8243;][vc_row_inner css=&#8221;.vc_custom_1566334229406{margin-bottom: -20px !important;}&#8221;][vc_column_inner][vc_single_image image=&#8221;432&#8243; alignment=&#8221;center&#8221;][vc_single_image image=&#8221;433&#8243; alignment=&#8221;center&#8221;][vc_single_image image=&#8221;434&#8243; alignment=&#8221;center&#8221;][\/vc_column_inner][\/vc_row_inner][\/vc_column][vc_column width=&#8221;1\/3&#8243;][vc_row_inner css=&#8221;.vc_custom_1566393966508{background-color: #db6a26 !important;}&#8221;][vc_column_inner][vc_column_text css=&#8221;.vc_custom_1566403154718{margin-top: -5px !important;}&#8221;]\n<h3 style=\"text-align: center;\"><strong><span style=\"color: #ffffff;\">Para a sua ind\u00fastria de Produtos de metal<\/span><\/strong><\/h3>\n[\/vc_column_text][vc_separator color=&#8221;white&#8221;][vc_column_text css=&#8221;.vc_custom_1566403223480{margin-top: -25px !important;}&#8221;]\n<h5><\/h5>\n<h5 style=\"text-align: left;\"><strong><span style=\"color: #ffffff;\">\u2022 Flexibiliza\u00e7\u00e3o de processos para incorporar novas tecnologias como a impressora 3D, etc.<br \/>\n<\/span><\/strong><br \/>\n<strong><span style=\"color: #ffffff;\">\u2022 Controle de qualidade nos processos de manufatura<br \/>\n<\/span><\/strong><br \/>\n<strong><span style=\"color: #ffffff;\">\u2022 Aumento da efici\u00eancia operacional<\/span><\/strong><\/h5>\n<h5 style=\"text-align: left;\"><strong><span style=\"color: #ffffff;\">\u2022 Automa\u00e7\u00e3o de processos<br \/>\n<\/span><\/strong><br \/>\n<strong><span style=\"color: #ffffff;\">\u2022 Inspe\u00e7\u00e3o do ch\u00e3o de f\u00e1brica<br \/>\n<\/span><\/strong><\/h5>\n[\/vc_column_text][\/vc_column_inner][\/vc_row_inner][\/vc_column][\/vc_row][vc_row full_width=&#8221;stretch_row&#8221; content_placement=&#8221;middle&#8221; css=&#8221;.vc_custom_1566394140352{background-color: #ffffff !important;}&#8221;][vc_column][vc_btn title=&#8221;Agende uma demonstra\u00e7\u00e3o online&#8221; style=&#8221;classic&#8221; color=&#8221;green&#8221; size=&#8221;lg&#8221; align=&#8221;center&#8221; button_block=&#8221;true&#8221; link=&#8221;url:%20https%3A%2F%2Fcargamaquina.com.br%2Fnovo-site%2Fcontato-comercial%2F%23contato|||&#8221;][\/vc_column][\/vc_row]\n","protected":false},"excerpt":{"rendered":"<p>[vc_row][vc_column][vc_empty_space height=&#8221;80px&#8221;][\/vc_column][\/vc_row][vc_row full_width=&#8221;stretch_row_content&#8221;][vc_column width=&#8221;1\/12&#8243;][vc_column_text css=&#8221;.vc_custom_1566396190491{margin-top: -20px !important;}&#8221;] Aliment\u00edcios [\/vc_column_text][\/vc_column][vc_column width=&#8221;1\/12&#8243;][vc_column_text css=&#8221;.vc_custom_1566396451553{margin-top: -18px !important;}&#8221;] Metalurgia [\/vc_column_text][\/vc_column][vc_column width=&#8221;1\/12&#8243;][vc_column_text css=&#8221;.vc_custom_1566396480795{margin-top: -20px !important;}&#8221;] M\u00e1quinas e Equipamentos [\/vc_column_text][\/vc_column][vc_column width=&#8221;1\/12&#8243;][vc_column_text css=&#8221;.vc_custom_1566396539531{margin-top: -20px<span class=\"excerpt-hellip\"> [\u2026]<\/span><\/p>\n","protected":false},"author":2,"featured_media":0,"parent":267,"menu_order":0,"comment_status":"closed","ping_status":"closed","template":"","meta":{"_exactmetrics_skip_tracking":false,"_exactmetrics_sitenote_active":false,"_exactmetrics_sitenote_note":"","_exactmetrics_sitenote_category":0,"_joinchat":[],"footnotes":""},"class_list":["post-374","page","type-page","status-publish","hentry"],"yoast_head":"<!-- This site is optimized with the Yoast SEO plugin v27.4 - https:\/\/yoast.com\/product\/yoast-seo-wordpress\/ -->\n<title>Produtos de Metal - Carga M\u00e1quina<\/title>\n<meta name=\"description\" content=\"O Carga M\u00e1quina atende as necessidades de diversos setores da ind\u00fastria. Controle a sua produ\u00e7\u00e3o de forma f\u00e1cil e fl\u00e9xivel.\" \/>\n<meta name=\"robots\" content=\"index, follow, max-snippet:-1, max-image-preview:large, max-video-preview:-1\" \/>\n<link rel=\"canonical\" href=\"https:\/\/cargamaquina.com.br\/novo-site\/setores\/produtos-de-metal\/\" \/>\n<meta property=\"og:locale\" content=\"pt_BR\" \/>\n<meta property=\"og:type\" content=\"article\" \/>\n<meta property=\"og:title\" content=\"Produtos de Metal - Carga M\u00e1quina\" \/>\n<meta property=\"og:description\" content=\"O Carga M\u00e1quina atende as necessidades de diversos setores da ind\u00fastria. Controle a sua produ\u00e7\u00e3o de forma f\u00e1cil e fl\u00e9xivel.\" \/>\n<meta property=\"og:url\" content=\"https:\/\/cargamaquina.com.br\/novo-site\/setores\/produtos-de-metal\/\" \/>\n<meta property=\"og:site_name\" content=\"Carga M\u00e1quina\" \/>\n<meta property=\"article:modified_time\" content=\"2022-03-09T18:20:22+00:00\" \/>\n<meta name=\"twitter:card\" content=\"summary_large_image\" \/>\n<meta name=\"twitter:label1\" content=\"Est. tempo de leitura\" \/>\n\t<meta name=\"twitter:data1\" content=\"4 minutos\" \/>\n<script type=\"application\/ld+json\" class=\"yoast-schema-graph\">{\"@context\":\"https:\\\/\\\/schema.org\",\"@graph\":[{\"@type\":\"WebPage\",\"@id\":\"https:\\\/\\\/cargamaquina.com.br\\\/novo-site\\\/setores\\\/produtos-de-metal\\\/\",\"url\":\"https:\\\/\\\/cargamaquina.com.br\\\/novo-site\\\/setores\\\/produtos-de-metal\\\/\",\"name\":\"Produtos de Metal - Carga M\u00e1quina\",\"isPartOf\":{\"@id\":\"https:\\\/\\\/cargamaquina.com.br\\\/novo-site\\\/#website\"},\"datePublished\":\"2019-08-21T16:01:41+00:00\",\"dateModified\":\"2022-03-09T18:20:22+00:00\",\"description\":\"O Carga M\u00e1quina atende as necessidades de diversos setores da ind\u00fastria. Controle a sua produ\u00e7\u00e3o de forma f\u00e1cil e fl\u00e9xivel.\",\"breadcrumb\":{\"@id\":\"https:\\\/\\\/cargamaquina.com.br\\\/novo-site\\\/setores\\\/produtos-de-metal\\\/#breadcrumb\"},\"inLanguage\":\"pt-BR\",\"potentialAction\":[{\"@type\":\"ReadAction\",\"target\":[\"https:\\\/\\\/cargamaquina.com.br\\\/novo-site\\\/setores\\\/produtos-de-metal\\\/\"]}]},{\"@type\":\"BreadcrumbList\",\"@id\":\"https:\\\/\\\/cargamaquina.com.br\\\/novo-site\\\/setores\\\/produtos-de-metal\\\/#breadcrumb\",\"itemListElement\":[{\"@type\":\"ListItem\",\"position\":1,\"name\":\"In\u00edcio\",\"item\":\"https:\\\/\\\/cargamaquina.com.br\\\/novo-site\\\/\"},{\"@type\":\"ListItem\",\"position\":2,\"name\":\"Setores\",\"item\":\"https:\\\/\\\/cargamaquina.com.br\\\/novo-site\\\/setores\\\/\"},{\"@type\":\"ListItem\",\"position\":3,\"name\":\"Produtos de Metal\"}]},{\"@type\":\"WebSite\",\"@id\":\"https:\\\/\\\/cargamaquina.com.br\\\/novo-site\\\/#website\",\"url\":\"https:\\\/\\\/cargamaquina.com.br\\\/novo-site\\\/\",\"name\":\"Carga M\u00e1quina\",\"description\":\"Software para controle de produ\u00e7\u00e3o\",\"potentialAction\":[{\"@type\":\"SearchAction\",\"target\":{\"@type\":\"EntryPoint\",\"urlTemplate\":\"https:\\\/\\\/cargamaquina.com.br\\\/novo-site\\\/?s={search_term_string}\"},\"query-input\":{\"@type\":\"PropertyValueSpecification\",\"valueRequired\":true,\"valueName\":\"search_term_string\"}}],\"inLanguage\":\"pt-BR\"}]}<\/script>\n<!-- \/ Yoast SEO plugin. -->","yoast_head_json":{"title":"Produtos de Metal - Carga M\u00e1quina","description":"O Carga M\u00e1quina atende as necessidades de diversos setores da ind\u00fastria. Controle a sua produ\u00e7\u00e3o de forma f\u00e1cil e fl\u00e9xivel.","robots":{"index":"index","follow":"follow","max-snippet":"max-snippet:-1","max-image-preview":"max-image-preview:large","max-video-preview":"max-video-preview:-1"},"canonical":"https:\/\/cargamaquina.com.br\/novo-site\/setores\/produtos-de-metal\/","og_locale":"pt_BR","og_type":"article","og_title":"Produtos de Metal - Carga M\u00e1quina","og_description":"O Carga M\u00e1quina atende as necessidades de diversos setores da ind\u00fastria. Controle a sua produ\u00e7\u00e3o de forma f\u00e1cil e fl\u00e9xivel.","og_url":"https:\/\/cargamaquina.com.br\/novo-site\/setores\/produtos-de-metal\/","og_site_name":"Carga M\u00e1quina","article_modified_time":"2022-03-09T18:20:22+00:00","twitter_card":"summary_large_image","twitter_misc":{"Est. tempo de leitura":"4 minutos"},"schema":{"@context":"https:\/\/schema.org","@graph":[{"@type":"WebPage","@id":"https:\/\/cargamaquina.com.br\/novo-site\/setores\/produtos-de-metal\/","url":"https:\/\/cargamaquina.com.br\/novo-site\/setores\/produtos-de-metal\/","name":"Produtos de Metal - Carga M\u00e1quina","isPartOf":{"@id":"https:\/\/cargamaquina.com.br\/novo-site\/#website"},"datePublished":"2019-08-21T16:01:41+00:00","dateModified":"2022-03-09T18:20:22+00:00","description":"O Carga M\u00e1quina atende as necessidades de diversos setores da ind\u00fastria. Controle a sua produ\u00e7\u00e3o de forma f\u00e1cil e fl\u00e9xivel.","breadcrumb":{"@id":"https:\/\/cargamaquina.com.br\/novo-site\/setores\/produtos-de-metal\/#breadcrumb"},"inLanguage":"pt-BR","potentialAction":[{"@type":"ReadAction","target":["https:\/\/cargamaquina.com.br\/novo-site\/setores\/produtos-de-metal\/"]}]},{"@type":"BreadcrumbList","@id":"https:\/\/cargamaquina.com.br\/novo-site\/setores\/produtos-de-metal\/#breadcrumb","itemListElement":[{"@type":"ListItem","position":1,"name":"In\u00edcio","item":"https:\/\/cargamaquina.com.br\/novo-site\/"},{"@type":"ListItem","position":2,"name":"Setores","item":"https:\/\/cargamaquina.com.br\/novo-site\/setores\/"},{"@type":"ListItem","position":3,"name":"Produtos de Metal"}]},{"@type":"WebSite","@id":"https:\/\/cargamaquina.com.br\/novo-site\/#website","url":"https:\/\/cargamaquina.com.br\/novo-site\/","name":"Carga M\u00e1quina","description":"Software para controle de produ\u00e7\u00e3o","potentialAction":[{"@type":"SearchAction","target":{"@type":"EntryPoint","urlTemplate":"https:\/\/cargamaquina.com.br\/novo-site\/?s={search_term_string}"},"query-input":{"@type":"PropertyValueSpecification","valueRequired":true,"valueName":"search_term_string"}}],"inLanguage":"pt-BR"}]}},"_links":{"self":[{"href":"https:\/\/cargamaquina.com.br\/novo-site\/wp-json\/wp\/v2\/pages\/374","targetHints":{"allow":["GET"]}}],"collection":[{"href":"https:\/\/cargamaquina.com.br\/novo-site\/wp-json\/wp\/v2\/pages"}],"about":[{"href":"https:\/\/cargamaquina.com.br\/novo-site\/wp-json\/wp\/v2\/types\/page"}],"author":[{"embeddable":true,"href":"https:\/\/cargamaquina.com.br\/novo-site\/wp-json\/wp\/v2\/users\/2"}],"replies":[{"embeddable":true,"href":"https:\/\/cargamaquina.com.br\/novo-site\/wp-json\/wp\/v2\/comments?post=374"}],"version-history":[{"count":0,"href":"https:\/\/cargamaquina.com.br\/novo-site\/wp-json\/wp\/v2\/pages\/374\/revisions"}],"up":[{"embeddable":true,"href":"https:\/\/cargamaquina.com.br\/novo-site\/wp-json\/wp\/v2\/pages\/267"}],"wp:attachment":[{"href":"https:\/\/cargamaquina.com.br\/novo-site\/wp-json\/wp\/v2\/media?parent=374"}],"curies":[{"name":"wp","href":"https:\/\/api.w.org\/{rel}","templated":true}]}}