{"id":1659,"date":"2019-11-08T10:11:29","date_gmt":"2019-11-08T13:11:29","guid":{"rendered":"https:\/\/cargamaquina.com.br\/novo-site\/?page_id=1659"},"modified":"2019-11-08T11:57:38","modified_gmt":"2019-11-08T14:57:38","slug":"modulos","status":"publish","type":"page","link":"https:\/\/cargamaquina.com.br\/novo-site\/modulos\/","title":{"rendered":"M\u00f3dulos"},"content":{"rendered":"[vc_row][vc_column][vc_empty_space height=&#8221;100px&#8221;][\/vc_column][\/vc_row][vc_row][vc_column][vc_column_text]\n<h2 style=\"text-align: center;\">M\u00d3DULOS<\/h2>\n<p style=\"text-align: center;\">Possu\u00edmos m\u00f3dulos para as demais \u00e1reas da sua empresa. Desenvolvido pelo Grupo Silcom esses m\u00f3dulos podem ser ativados e trabalhado em conjunto com a produ\u00e7\u00e3o da sua manufatura.<\/p>\n[\/vc_column_text][vc_separator color=&#8221;orange&#8221; border_width=&#8221;2&#8243;][\/vc_column][\/vc_row][vc_row][vc_column width=&#8221;1\/3&#8243;][mvc_infobox title_color=&#8221;#606060&#8243; image_id=&#8221;1351&#8243; caption_url=&#8221;&#8221;]\u2022 Cadastro de fornecedores<\/p>\n<p>\u2022 Gesta\u0303o de compras (itens, forma de pagamento, faturamento e entrega)<\/p>\n<p>\u2022 Integrac\u0327a\u0303o com estoque (inserc\u0327a\u0303o automa\u0301tica)<\/p>\n<p>\u2022 Integrac\u0327a\u0303o com financeiro (gerac\u0327a\u0303o de pagamentos)<\/p>\n<p>\u2022 Controle de cotac\u0327a\u0303o de compras<\/p>\n<p>\u2022 Anali\u0301tico de compras<\/p>\n<p>\u2022 Relato\u0301rio de compras por peri\u0301odo[\/mvc_infobox][\/vc_column][vc_column width=&#8221;1\/3&#8243;][mvc_infobox title_color=&#8221;#606060&#8243; image_id=&#8221;1352&#8243; caption_url=&#8221;&#8221;]\u2022 Registro do custo de ce\u0301lulas<\/p>\n<div class=\"page\" title=\"Page 14\">\n<div class=\"section\">\n<div class=\"layoutArea\">\n<div class=\"column\">\n<p>\u2022 Registro do custo de materiais<\/p>\n<p>\u2022 Ca\u0301lculo automa\u0301tico dos custos de cada ordem de servic\u0327o<\/p>\n<p>\u2022 Histo\u0301rico de custos<\/p>\n<p>\u2022 Comparativo de custos por peri\u0301odo<\/p>\n<p>\u2022 Simulador de custos de produc\u0327a\u0303o<\/p>\n<p>\u2022 Anali\u0301tico de custos<\/p>\n<\/div>\n<\/div>\n<\/div>\n<\/div>\n[\/mvc_infobox][\/vc_column][vc_column width=&#8221;1\/3&#8243;][mvc_infobox title_color=&#8221;#606060&#8243; image_id=&#8221;1353&#8243; caption_url=&#8221;&#8221;]Gesta\u0303o de estoque (mate\u0301ria-prima, produto intermedia\u0301rio e acabado)<\/p>\n<p>\u2022 Registro de entrada e sai\u0301da<\/p>\n<p>\u2022 Registro de sinistro<\/p>\n<p>\u2022 Controle de estoque mi\u0301nimo e ponto de reabastecimento<\/p>\n<p>\u2022 Relato\u0301rio com histo\u0301rico de movimentac\u0327o\u0303es<\/p>\n<p>\u2022 Anali\u0301tico de entrada e sai\u0301da[\/mvc_infobox][\/vc_column][\/vc_row][vc_row][vc_column width=&#8221;1\/3&#8243;][mvc_infobox title_color=&#8221;#606060&#8243; image_id=&#8221;1355&#8243; caption_url=&#8221;&#8221;]\n<div class=\"page\" title=\"Page 14\">\n<div class=\"section\">\n<div class=\"layoutArea\">\n<div class=\"column\">\n<p>\u2022 Emissa\u0303o de Nfe<\/p>\n<p>\u2022 Gerenciamento de NF emitida<\/p>\n<p>\u2022 Gerac\u0327a\u0303o Bloco K (produc\u0327a\u0303o e estoque)<\/p>\n<p>\u2022 Emissa\u0303o de ate\u0301 200 notas mensais<\/p>\n<p>\u2022 Integrac\u0327a\u0303o total com demais mo\u0301dulos<\/p>\n<p>\u2022 Baixa automa\u0301tica do estoque<\/p>\n<p>\u2022 Gerac\u0327a\u0303o automa\u0301tica de contas a receber<\/p>\n<\/div>\n<\/div>\n<\/div>\n<\/div>\n[\/mvc_infobox][\/vc_column][vc_column width=&#8221;1\/3&#8243;][mvc_infobox title_color=&#8221;#606060&#8243; image_id=&#8221;1356&#8243; caption_url=&#8221;&#8221;]\n<div class=\"page\" title=\"Page 14\">\n<div class=\"section\">\n<div class=\"layoutArea\">\n<div class=\"column\">\n<p>Cadastro de clientes<\/p>\n<p>\u221e Gesta\u0303o de vendas (itens, forma de pagamento, faturamento e entrada)<\/p>\n<p>\u2022 Integrac\u0327a\u0303o com estoque (consumo automa\u0301tico)<\/p>\n<p>\u2022 Integrac\u0327a\u0303o com financeiro (gerac\u0327a\u0303o automa\u0301tica de recebimentos)<\/p>\n<p>\u2022Integrac\u0327a\u0303o com fiscal (envio de NFe)<\/p>\n<p>\u2022 Controle de orc\u0327amentos \u221e Anali\u0301tico de vendas<\/p>\n<p>\u2022 Relato\u0301rio de vendas por peri\u0301odo<\/p>\n<\/div>\n<\/div>\n<\/div>\n<\/div>\n[\/mvc_infobox][\/vc_column][vc_column width=&#8221;1\/3&#8243;][mvc_infobox title_color=&#8221;#606060&#8243; image_id=&#8221;1354&#8243; caption_url=&#8221;&#8221;]\n<div class=\"page\" title=\"Page 14\">\n<div class=\"section\">\n<div class=\"layoutArea\">\n<div class=\"column\">\n<p>\u2022 Gesta\u0303o de contas a pagar<\/p>\n<p>\u2022 Gesta\u0303o de contas a receber<\/p>\n<p>\u2022 Registro de movimentac\u0327o\u0303es financeiras<\/p>\n<p>\u2022 Transfere\u0302ncia entre contas financeiras<\/p>\n<p>\u2022 Previsa\u0303o orc\u0327amenta\u0301ria \u221e Fluxo de caixa<\/p>\n<p>\u2022 Relato\u0301rios com compromissos pagos e recebidos<\/p>\n<p>\u2022 Relato\u0301rio anali\u0301tico de despesas e receitas<\/p>\n<p>\u2022 Relato\u0301rio da situac\u0327a\u0303o financeira entre devedores e pagadores<\/p>\n<p>\u2022 Histo\u0301rico financeiro<\/p>\n<\/div>\n<\/div>\n<\/div>\n<\/div>\n[\/mvc_infobox][\/vc_column][\/vc_row]\n","protected":false},"excerpt":{"rendered":"<p>[vc_row][vc_column][vc_empty_space height=&#8221;100px&#8221;][\/vc_column][\/vc_row][vc_row][vc_column][vc_column_text] M\u00d3DULOS Possu\u00edmos m\u00f3dulos para as demais \u00e1reas da sua empresa. Desenvolvido pelo Grupo Silcom esses m\u00f3dulos podem ser ativados e trabalhado em conjunto com<span class=\"excerpt-hellip\"> [\u2026]<\/span><\/p>\n","protected":false},"author":2,"featured_media":0,"parent":0,"menu_order":0,"comment_status":"closed","ping_status":"closed","template":"","meta":{"_exactmetrics_skip_tracking":false,"_exactmetrics_sitenote_active":false,"_exactmetrics_sitenote_note":"","_exactmetrics_sitenote_category":0,"_joinchat":[],"footnotes":""},"class_list":["post-1659","page","type-page","status-publish","hentry"],"yoast_head":"<!-- This site is optimized with the Yoast SEO plugin v27.6 - https:\/\/yoast.com\/product\/yoast-seo-wordpress\/ -->\n<title>M\u00f3dulos - Carga M\u00e1quina<\/title>\n<meta name=\"description\" content=\"Conhe\u00e7a nossos m\u00f3dulos adicionais. Integra\u00e7\u00e3o e gest\u00e3o da sua manufatura. Entre em contato e agende uma demonstra\u00e7\u00e3o. Software de gest\u00e3o.\" \/>\n<meta name=\"robots\" content=\"index, follow, max-snippet:-1, max-image-preview:large, max-video-preview:-1\" \/>\n<link rel=\"canonical\" href=\"https:\/\/cargamaquina.com.br\/novo-site\/modulos\/\" \/>\n<meta property=\"og:locale\" content=\"pt_BR\" \/>\n<meta property=\"og:type\" content=\"article\" \/>\n<meta property=\"og:title\" content=\"M\u00f3dulos - Carga M\u00e1quina\" \/>\n<meta property=\"og:description\" content=\"Conhe\u00e7a nossos m\u00f3dulos adicionais. Integra\u00e7\u00e3o e gest\u00e3o da sua manufatura. Entre em contato e agende uma demonstra\u00e7\u00e3o. Software de gest\u00e3o.\" \/>\n<meta property=\"og:url\" content=\"https:\/\/cargamaquina.com.br\/novo-site\/modulos\/\" \/>\n<meta property=\"og:site_name\" content=\"Carga M\u00e1quina\" \/>\n<meta property=\"article:modified_time\" content=\"2019-11-08T14:57:38+00:00\" \/>\n<meta name=\"twitter:card\" content=\"summary_large_image\" \/>\n<meta name=\"twitter:label1\" content=\"Est. tempo de leitura\" \/>\n\t<meta name=\"twitter:data1\" content=\"2 minutos\" \/>\n<script type=\"application\/ld+json\" class=\"yoast-schema-graph\">{\"@context\":\"https:\\\/\\\/schema.org\",\"@graph\":[{\"@type\":\"WebPage\",\"@id\":\"https:\\\/\\\/cargamaquina.com.br\\\/novo-site\\\/modulos\\\/\",\"url\":\"https:\\\/\\\/cargamaquina.com.br\\\/novo-site\\\/modulos\\\/\",\"name\":\"M\u00f3dulos - Carga M\u00e1quina\",\"isPartOf\":{\"@id\":\"https:\\\/\\\/cargamaquina.com.br\\\/novo-site\\\/#website\"},\"datePublished\":\"2019-11-08T13:11:29+00:00\",\"dateModified\":\"2019-11-08T14:57:38+00:00\",\"description\":\"Conhe\u00e7a nossos m\u00f3dulos adicionais. Integra\u00e7\u00e3o e gest\u00e3o da sua manufatura. Entre em contato e agende uma demonstra\u00e7\u00e3o. Software de gest\u00e3o.\",\"breadcrumb\":{\"@id\":\"https:\\\/\\\/cargamaquina.com.br\\\/novo-site\\\/modulos\\\/#breadcrumb\"},\"inLanguage\":\"pt-BR\",\"potentialAction\":[{\"@type\":\"ReadAction\",\"target\":[\"https:\\\/\\\/cargamaquina.com.br\\\/novo-site\\\/modulos\\\/\"]}]},{\"@type\":\"BreadcrumbList\",\"@id\":\"https:\\\/\\\/cargamaquina.com.br\\\/novo-site\\\/modulos\\\/#breadcrumb\",\"itemListElement\":[{\"@type\":\"ListItem\",\"position\":1,\"name\":\"In\u00edcio\",\"item\":\"https:\\\/\\\/cargamaquina.com.br\\\/novo-site\\\/\"},{\"@type\":\"ListItem\",\"position\":2,\"name\":\"M\u00f3dulos\"}]},{\"@type\":\"WebSite\",\"@id\":\"https:\\\/\\\/cargamaquina.com.br\\\/novo-site\\\/#website\",\"url\":\"https:\\\/\\\/cargamaquina.com.br\\\/novo-site\\\/\",\"name\":\"Carga M\u00e1quina\",\"description\":\"Software para controle de produ\u00e7\u00e3o\",\"potentialAction\":[{\"@type\":\"SearchAction\",\"target\":{\"@type\":\"EntryPoint\",\"urlTemplate\":\"https:\\\/\\\/cargamaquina.com.br\\\/novo-site\\\/?s={search_term_string}\"},\"query-input\":{\"@type\":\"PropertyValueSpecification\",\"valueRequired\":true,\"valueName\":\"search_term_string\"}}],\"inLanguage\":\"pt-BR\"}]}<\/script>\n<!-- \/ Yoast SEO plugin. -->","yoast_head_json":{"title":"M\u00f3dulos - Carga M\u00e1quina","description":"Conhe\u00e7a nossos m\u00f3dulos adicionais. Integra\u00e7\u00e3o e gest\u00e3o da sua manufatura. Entre em contato e agende uma demonstra\u00e7\u00e3o. Software de gest\u00e3o.","robots":{"index":"index","follow":"follow","max-snippet":"max-snippet:-1","max-image-preview":"max-image-preview:large","max-video-preview":"max-video-preview:-1"},"canonical":"https:\/\/cargamaquina.com.br\/novo-site\/modulos\/","og_locale":"pt_BR","og_type":"article","og_title":"M\u00f3dulos - Carga M\u00e1quina","og_description":"Conhe\u00e7a nossos m\u00f3dulos adicionais. Integra\u00e7\u00e3o e gest\u00e3o da sua manufatura. Entre em contato e agende uma demonstra\u00e7\u00e3o. Software de gest\u00e3o.","og_url":"https:\/\/cargamaquina.com.br\/novo-site\/modulos\/","og_site_name":"Carga M\u00e1quina","article_modified_time":"2019-11-08T14:57:38+00:00","twitter_card":"summary_large_image","twitter_misc":{"Est. tempo de leitura":"2 minutos"},"schema":{"@context":"https:\/\/schema.org","@graph":[{"@type":"WebPage","@id":"https:\/\/cargamaquina.com.br\/novo-site\/modulos\/","url":"https:\/\/cargamaquina.com.br\/novo-site\/modulos\/","name":"M\u00f3dulos - Carga M\u00e1quina","isPartOf":{"@id":"https:\/\/cargamaquina.com.br\/novo-site\/#website"},"datePublished":"2019-11-08T13:11:29+00:00","dateModified":"2019-11-08T14:57:38+00:00","description":"Conhe\u00e7a nossos m\u00f3dulos adicionais. Integra\u00e7\u00e3o e gest\u00e3o da sua manufatura. Entre em contato e agende uma demonstra\u00e7\u00e3o. Software de gest\u00e3o.","breadcrumb":{"@id":"https:\/\/cargamaquina.com.br\/novo-site\/modulos\/#breadcrumb"},"inLanguage":"pt-BR","potentialAction":[{"@type":"ReadAction","target":["https:\/\/cargamaquina.com.br\/novo-site\/modulos\/"]}]},{"@type":"BreadcrumbList","@id":"https:\/\/cargamaquina.com.br\/novo-site\/modulos\/#breadcrumb","itemListElement":[{"@type":"ListItem","position":1,"name":"In\u00edcio","item":"https:\/\/cargamaquina.com.br\/novo-site\/"},{"@type":"ListItem","position":2,"name":"M\u00f3dulos"}]},{"@type":"WebSite","@id":"https:\/\/cargamaquina.com.br\/novo-site\/#website","url":"https:\/\/cargamaquina.com.br\/novo-site\/","name":"Carga M\u00e1quina","description":"Software para controle de produ\u00e7\u00e3o","potentialAction":[{"@type":"SearchAction","target":{"@type":"EntryPoint","urlTemplate":"https:\/\/cargamaquina.com.br\/novo-site\/?s={search_term_string}"},"query-input":{"@type":"PropertyValueSpecification","valueRequired":true,"valueName":"search_term_string"}}],"inLanguage":"pt-BR"}]}},"_links":{"self":[{"href":"https:\/\/cargamaquina.com.br\/novo-site\/wp-json\/wp\/v2\/pages\/1659","targetHints":{"allow":["GET"]}}],"collection":[{"href":"https:\/\/cargamaquina.com.br\/novo-site\/wp-json\/wp\/v2\/pages"}],"about":[{"href":"https:\/\/cargamaquina.com.br\/novo-site\/wp-json\/wp\/v2\/types\/page"}],"author":[{"embeddable":true,"href":"https:\/\/cargamaquina.com.br\/novo-site\/wp-json\/wp\/v2\/users\/2"}],"replies":[{"embeddable":true,"href":"https:\/\/cargamaquina.com.br\/novo-site\/wp-json\/wp\/v2\/comments?post=1659"}],"version-history":[{"count":0,"href":"https:\/\/cargamaquina.com.br\/novo-site\/wp-json\/wp\/v2\/pages\/1659\/revisions"}],"wp:attachment":[{"href":"https:\/\/cargamaquina.com.br\/novo-site\/wp-json\/wp\/v2\/media?parent=1659"}],"curies":[{"name":"wp","href":"https:\/\/api.w.org\/{rel}","templated":true}]}}