{"id":139,"date":"2019-08-14T15:53:59","date_gmt":"2019-08-14T18:53:59","guid":{"rendered":"https:\/\/cargamaquina.com.br\/novo-site\/?page_id=139"},"modified":"2019-10-28T10:26:53","modified_gmt":"2019-10-28T13:26:53","slug":"contato","status":"publish","type":"page","link":"https:\/\/cargamaquina.com.br\/novo-site\/contato\/","title":{"rendered":"Contato"},"content":{"rendered":"[vc_row full_width=&#8221;stretch_row_content&#8221; css=&#8221;.vc_custom_1565808572364{background-color: #ffffff !important;}&#8221;][vc_column][vc_empty_space height=&#8221;100px&#8221;][\/vc_column][\/vc_row][vc_row full_width=&#8221;stretch_row&#8221; parallax=&#8221;content-moving&#8221; parallax_image=&#8221;91&#8243; css=&#8221;.vc_custom_1566830230714{background-color: #ffffff !important;}&#8221;][vc_column width=&#8221;1\/2&#8243;][vc_column_text]ENTRE EM CONTATO[\/vc_column_text][vc_separator align=&#8221;align_left&#8221;][vc_empty_space height=&#8221;5px&#8221;][vc_column_text]\n<h2 style=\"text-align: center;\">(11) 3042-0707 ou (41) 3327-0707<\/h2>\n<p style=\"text-align: center;\">Atendimento de segunda \u00e0 sexta das 8h00 \u00e0s 12h00 e das 13h30 \u00e0s 17h30.<\/p>\n[\/vc_column_text][vc_row_inner][vc_column_inner width=&#8221;1\/2&#8243;][vc_raw_js]JTNDYSUyMGhyZWYlM0QlMjJqYXZhc2NyaXB0JTNBSW50ZXJjb20lMjglMjdzaG93JTI3JTI5JTNCJTIyJTNFJTBBJTIwJTNDZGl2JTIwY2xhc3MlM0QlMjJ2Y19pY29uX2VsZW1lbnQlMjB2Y19pY29uX2VsZW1lbnQtb3V0ZXIlMjB2Y19pY29uX2VsZW1lbnQtYWxpZ24tY2VudGVyJTIyJTNFJTBBJTA5JTNDZGl2JTIwY2xhc3MlM0QlMjJ2Y19pY29uX2VsZW1lbnQtaW5uZXIlMjB2Y19pY29uX2VsZW1lbnQtY29sb3ItY3VzdG9tJTIwdmNfaWNvbl9lbGVtZW50LXNpemUtbGclMjB2Y19pY29uX2VsZW1lbnQtc3R5bGUtJTIwdmNfaWNvbl9lbGVtZW50LWJhY2tncm91bmQtY29sb3ItZ3JleSUyMiUzRSUwQSUwOSUwOSUzQ3NwYW4lMjBjbGFzcyUzRCUyMnZjX2ljb25fZWxlbWVudC1pY29uJTIwZmElMjBmYS1jb21tZW50cyUyMiUyMHN0eWxlJTNEJTIyY29sb3IlM0ElMjM0ZWIxNzQlMjAlMjFpbXBvcnRhbnQlMjIlM0UlM0MlMkZzcGFuJTNFJTNDJTJGZGl2JTNFJTBBJTNDJTJGZGl2JTNFJTBBJTNDJTJGYSUzRSUwQSUzQ2ElMjBocmVmJTNEJTIyamF2YXNjcmlwdCUzQUludGVyY29tJTI4JTI3c2hvdyUyNyUyOSUzQiUyMiUzRSUwQSUyMCUzQ2gzJTNFJTNDc3Ryb25nJTNFQ2hhdCUzQyUyRmIlM0UlM0MlMkZoMyUzRSUwQSUzQyUyRmElM0U=[\/vc_raw_js][\/vc_column_inner][vc_column_inner width=&#8221;1\/2&#8243;][vc_icon icon_fontawesome=&#8221;fa fa-whatsapp&#8221; color=&#8221;custom&#8221; size=&#8221;lg&#8221; align=&#8221;center&#8221; custom_color=&#8221;#4eb174&#8243; link=&#8221;url:https%3A%2F%2Fapi.whatsapp.com%2Fsend%3Fphone%3D554133270707%26text%3D%26source%3D%26data%3D|||&#8221;][vc_raw_js]JTNDYSUyMGhyZWYlM0QlMjJodHRwcyUzQSUyRiUyRmFwaS53aGF0c2FwcC5jb20lMkZzZW5kJTNGcGhvbmUlM0Q1NTQxMzMyNzA3MDclMjZ0ZXh0JTNEJTI2c291cmNlJTNEJTI2ZGF0YSUzRCUzQiUyMiUzRSUwQSUyMCUzQ2gzJTNFJTNDc3Ryb25nJTNFV2hhdHNBcHAlM0MlMkZiJTNFJTNDJTJGaDMlM0UlMEElM0MlMkZhJTNF[\/vc_raw_js][\/vc_column_inner][\/vc_row_inner][\/vc_column][vc_column width=&#8221;1\/2&#8243;][vc_column_text]OU DEIXE SUA MENSAGEM[\/vc_column_text][vc_separator align=&#8221;align_left&#8221;]<div class=\"wpforms-container wpforms-container-full\" id=\"wpforms-141\"><form id=\"wpforms-form-141\" class=\"wpforms-validate wpforms-form\" data-formid=\"141\" method=\"post\" enctype=\"multipart\/form-data\" action=\"\/novo-site\/wp-json\/wp\/v2\/pages\/139\" data-token=\"afca27ed9b8f0441a09221085c33114b\" data-token-time=\"1778026972\"><noscript class=\"wpforms-error-noscript\">Ative o JavaScript no seu navegador para preencher este formul\u00e1rio.<\/noscript><div class=\"wpforms-field-container\"><div id=\"wpforms-141-field_1-container\" class=\"wpforms-field wpforms-field-name\" data-field-id=\"1\"><label class=\"wpforms-field-label\" for=\"wpforms-141-field_1\">Nome <span class=\"wpforms-required-label\">*<\/span><\/label><input type=\"text\" id=\"wpforms-141-field_1\" class=\"wpforms-field-medium wpforms-field-required\" name=\"wpforms[fields][1]\" required><\/div><div id=\"wpforms-141-field_2-container\" class=\"wpforms-field wpforms-field-email\" data-field-id=\"2\"><label class=\"wpforms-field-label\" for=\"wpforms-141-field_2\">E-mail <span class=\"wpforms-required-label\">*<\/span><\/label><input type=\"email\" id=\"wpforms-141-field_2\" class=\"wpforms-field-medium wpforms-field-required\" name=\"wpforms[fields][2]\" spellcheck=\"false\" required><\/div><div id=\"wpforms-141-field_3-container\" class=\"wpforms-field wpforms-field-number\" data-field-id=\"3\"><label class=\"wpforms-field-label\" for=\"wpforms-141-field_3\">Telefone <span class=\"wpforms-required-label\">*<\/span><\/label><input type=\"number\" id=\"wpforms-141-field_3\" class=\"wpforms-field-medium wpforms-field-required\" name=\"wpforms[fields][3]\" step=\"any\" required><\/div><div id=\"wpforms-141-field_4-container\" class=\"wpforms-field wpforms-field-text\" data-field-id=\"4\"><label class=\"wpforms-field-label\" for=\"wpforms-141-field_4\">Assunto <span class=\"wpforms-required-label\">*<\/span><\/label><input type=\"text\" id=\"wpforms-141-field_4\" class=\"wpforms-field-medium wpforms-field-required\" name=\"wpforms[fields][4]\" required><\/div><div id=\"wpforms-141-field_5-container\" class=\"wpforms-field wpforms-field-textarea\" data-field-id=\"5\"><label class=\"wpforms-field-label\" for=\"wpforms-141-field_5\">Mensagem <span class=\"wpforms-required-label\">*<\/span><\/label><textarea id=\"wpforms-141-field_5\" class=\"wpforms-field-medium wpforms-field-required\" name=\"wpforms[fields][5]\" required><\/textarea><\/div><\/div><!-- .wpforms-field-container --><div class=\"wpforms-field wpforms-field-hp\"><label for=\"wpforms-141-field-hp\" class=\"wpforms-field-label\">Message<\/label><input type=\"text\" name=\"wpforms[hp]\" id=\"wpforms-141-field-hp\" class=\"wpforms-field-medium\"><\/div><div class=\"wpforms-recaptcha-container wpforms-is-recaptcha wpforms-is-recaptcha-type-v2\" ><div class=\"g-recaptcha\" data-sitekey=\"6LcX7r0UAAAAAGRUvvf9XTNz034gaOKLlTSEYFMf\"><\/div><input type=\"text\" name=\"g-recaptcha-hidden\" class=\"wpforms-recaptcha-hidden\" style=\"position:absolute!important;clip:rect(0,0,0,0)!important;height:1px!important;width:1px!important;border:0!important;overflow:hidden!important;padding:0!important;margin:0!important;\" data-rule-recaptcha=\"1\"><\/div><div class=\"wpforms-submit-container\" ><input type=\"hidden\" name=\"wpforms[id]\" value=\"141\"><input type=\"hidden\" name=\"page_title\" value=\"\"><input type=\"hidden\" name=\"page_url\" value=\"https:\/\/cargamaquina.com.br\/novo-site\/wp-json\/wp\/v2\/pages\/139\"><input type=\"hidden\" name=\"url_referer\" value=\"\"><button type=\"submit\" name=\"wpforms[submit]\" id=\"wpforms-submit-141\" class=\"wpforms-submit form_geral\" data-alt-text=\"Enviando...\" data-submit-text=\"Enviar\" aria-live=\"assertive\" value=\"wpforms-submit\">Enviar<\/button><\/div><\/form><\/div>  <!-- .wpforms-container -->[\/vc_column][\/vc_row]\n","protected":false},"excerpt":{"rendered":"<p>[vc_row full_width=&#8221;stretch_row_content&#8221; css=&#8221;.vc_custom_1565808572364{background-color: #ffffff !important;}&#8221;][vc_column][vc_empty_space height=&#8221;100px&#8221;][\/vc_column][\/vc_row][vc_row full_width=&#8221;stretch_row&#8221; parallax=&#8221;content-moving&#8221; parallax_image=&#8221;91&#8243; css=&#8221;.vc_custom_1566830230714{background-color: #ffffff !important;}&#8221;][vc_column width=&#8221;1\/2&#8243;][vc_column_text]ENTRE EM CONTATO[\/vc_column_text][vc_separator align=&#8221;align_left&#8221;][vc_empty_space height=&#8221;5px&#8221;][vc_column_text] (11) 3042-0707 ou (41) 3327-0707 Atendimento de segunda \u00e0<span class=\"excerpt-hellip\"> [\u2026]<\/span><\/p>\n","protected":false},"author":2,"featured_media":0,"parent":0,"menu_order":0,"comment_status":"closed","ping_status":"closed","template":"","meta":{"_exactmetrics_skip_tracking":false,"_exactmetrics_sitenote_active":false,"_exactmetrics_sitenote_note":"","_exactmetrics_sitenote_category":0,"_joinchat":[],"footnotes":""},"class_list":["post-139","page","type-page","status-publish","hentry"],"yoast_head":"<!-- This site is optimized with the Yoast SEO plugin v27.5 - https:\/\/yoast.com\/product\/yoast-seo-wordpress\/ -->\n<title>Contato - Carga M\u00e1quina<\/title>\n<meta name=\"description\" content=\"Entre em contato conosco e tire todas as suas d\u00favidas referentes ao software Carga M\u00e1quina.\" \/>\n<meta name=\"robots\" content=\"index, follow, max-snippet:-1, max-image-preview:large, max-video-preview:-1\" \/>\n<link rel=\"canonical\" href=\"https:\/\/cargamaquina.com.br\/novo-site\/contato\/\" \/>\n<meta property=\"og:locale\" content=\"pt_BR\" \/>\n<meta property=\"og:type\" content=\"article\" \/>\n<meta property=\"og:title\" content=\"Contato - Carga M\u00e1quina\" \/>\n<meta property=\"og:description\" content=\"Entre em contato conosco e tire todas as suas d\u00favidas referentes ao software Carga M\u00e1quina.\" \/>\n<meta property=\"og:url\" content=\"https:\/\/cargamaquina.com.br\/novo-site\/contato\/\" \/>\n<meta property=\"og:site_name\" content=\"Carga M\u00e1quina\" \/>\n<meta property=\"article:modified_time\" content=\"2019-10-28T13:26:53+00:00\" \/>\n<meta name=\"twitter:card\" content=\"summary_large_image\" \/>\n<meta name=\"twitter:label1\" content=\"Est. tempo de leitura\" \/>\n\t<meta name=\"twitter:data1\" content=\"2 minutos\" \/>\n<script type=\"application\/ld+json\" class=\"yoast-schema-graph\">{\"@context\":\"https:\\\/\\\/schema.org\",\"@graph\":[{\"@type\":\"WebPage\",\"@id\":\"https:\\\/\\\/cargamaquina.com.br\\\/novo-site\\\/contato\\\/\",\"url\":\"https:\\\/\\\/cargamaquina.com.br\\\/novo-site\\\/contato\\\/\",\"name\":\"Contato - Carga M\u00e1quina\",\"isPartOf\":{\"@id\":\"https:\\\/\\\/cargamaquina.com.br\\\/novo-site\\\/#website\"},\"datePublished\":\"2019-08-14T18:53:59+00:00\",\"dateModified\":\"2019-10-28T13:26:53+00:00\",\"description\":\"Entre em contato conosco e tire todas as suas d\u00favidas referentes ao software Carga M\u00e1quina.\",\"breadcrumb\":{\"@id\":\"https:\\\/\\\/cargamaquina.com.br\\\/novo-site\\\/contato\\\/#breadcrumb\"},\"inLanguage\":\"pt-BR\",\"potentialAction\":[{\"@type\":\"ReadAction\",\"target\":[\"https:\\\/\\\/cargamaquina.com.br\\\/novo-site\\\/contato\\\/\"]}]},{\"@type\":\"BreadcrumbList\",\"@id\":\"https:\\\/\\\/cargamaquina.com.br\\\/novo-site\\\/contato\\\/#breadcrumb\",\"itemListElement\":[{\"@type\":\"ListItem\",\"position\":1,\"name\":\"In\u00edcio\",\"item\":\"https:\\\/\\\/cargamaquina.com.br\\\/novo-site\\\/\"},{\"@type\":\"ListItem\",\"position\":2,\"name\":\"Contato\"}]},{\"@type\":\"WebSite\",\"@id\":\"https:\\\/\\\/cargamaquina.com.br\\\/novo-site\\\/#website\",\"url\":\"https:\\\/\\\/cargamaquina.com.br\\\/novo-site\\\/\",\"name\":\"Carga M\u00e1quina\",\"description\":\"Software para controle de produ\u00e7\u00e3o\",\"potentialAction\":[{\"@type\":\"SearchAction\",\"target\":{\"@type\":\"EntryPoint\",\"urlTemplate\":\"https:\\\/\\\/cargamaquina.com.br\\\/novo-site\\\/?s={search_term_string}\"},\"query-input\":{\"@type\":\"PropertyValueSpecification\",\"valueRequired\":true,\"valueName\":\"search_term_string\"}}],\"inLanguage\":\"pt-BR\"}]}<\/script>\n<!-- \/ Yoast SEO plugin. -->","yoast_head_json":{"title":"Contato - Carga M\u00e1quina","description":"Entre em contato conosco e tire todas as suas d\u00favidas referentes ao software Carga M\u00e1quina.","robots":{"index":"index","follow":"follow","max-snippet":"max-snippet:-1","max-image-preview":"max-image-preview:large","max-video-preview":"max-video-preview:-1"},"canonical":"https:\/\/cargamaquina.com.br\/novo-site\/contato\/","og_locale":"pt_BR","og_type":"article","og_title":"Contato - Carga M\u00e1quina","og_description":"Entre em contato conosco e tire todas as suas d\u00favidas referentes ao software Carga M\u00e1quina.","og_url":"https:\/\/cargamaquina.com.br\/novo-site\/contato\/","og_site_name":"Carga M\u00e1quina","article_modified_time":"2019-10-28T13:26:53+00:00","twitter_card":"summary_large_image","twitter_misc":{"Est. tempo de leitura":"2 minutos"},"schema":{"@context":"https:\/\/schema.org","@graph":[{"@type":"WebPage","@id":"https:\/\/cargamaquina.com.br\/novo-site\/contato\/","url":"https:\/\/cargamaquina.com.br\/novo-site\/contato\/","name":"Contato - Carga M\u00e1quina","isPartOf":{"@id":"https:\/\/cargamaquina.com.br\/novo-site\/#website"},"datePublished":"2019-08-14T18:53:59+00:00","dateModified":"2019-10-28T13:26:53+00:00","description":"Entre em contato conosco e tire todas as suas d\u00favidas referentes ao software Carga M\u00e1quina.","breadcrumb":{"@id":"https:\/\/cargamaquina.com.br\/novo-site\/contato\/#breadcrumb"},"inLanguage":"pt-BR","potentialAction":[{"@type":"ReadAction","target":["https:\/\/cargamaquina.com.br\/novo-site\/contato\/"]}]},{"@type":"BreadcrumbList","@id":"https:\/\/cargamaquina.com.br\/novo-site\/contato\/#breadcrumb","itemListElement":[{"@type":"ListItem","position":1,"name":"In\u00edcio","item":"https:\/\/cargamaquina.com.br\/novo-site\/"},{"@type":"ListItem","position":2,"name":"Contato"}]},{"@type":"WebSite","@id":"https:\/\/cargamaquina.com.br\/novo-site\/#website","url":"https:\/\/cargamaquina.com.br\/novo-site\/","name":"Carga M\u00e1quina","description":"Software para controle de produ\u00e7\u00e3o","potentialAction":[{"@type":"SearchAction","target":{"@type":"EntryPoint","urlTemplate":"https:\/\/cargamaquina.com.br\/novo-site\/?s={search_term_string}"},"query-input":{"@type":"PropertyValueSpecification","valueRequired":true,"valueName":"search_term_string"}}],"inLanguage":"pt-BR"}]}},"_links":{"self":[{"href":"https:\/\/cargamaquina.com.br\/novo-site\/wp-json\/wp\/v2\/pages\/139","targetHints":{"allow":["GET"]}}],"collection":[{"href":"https:\/\/cargamaquina.com.br\/novo-site\/wp-json\/wp\/v2\/pages"}],"about":[{"href":"https:\/\/cargamaquina.com.br\/novo-site\/wp-json\/wp\/v2\/types\/page"}],"author":[{"embeddable":true,"href":"https:\/\/cargamaquina.com.br\/novo-site\/wp-json\/wp\/v2\/users\/2"}],"replies":[{"embeddable":true,"href":"https:\/\/cargamaquina.com.br\/novo-site\/wp-json\/wp\/v2\/comments?post=139"}],"version-history":[{"count":0,"href":"https:\/\/cargamaquina.com.br\/novo-site\/wp-json\/wp\/v2\/pages\/139\/revisions"}],"wp:attachment":[{"href":"https:\/\/cargamaquina.com.br\/novo-site\/wp-json\/wp\/v2\/media?parent=139"}],"curies":[{"name":"wp","href":"https:\/\/api.w.org\/{rel}","templated":true}]}}