{"id":137,"date":"2019-08-15T18:13:21","date_gmt":"2019-08-15T21:13:21","guid":{"rendered":"https:\/\/cargamaquina.com.br\/novo-site\/?page_id=137"},"modified":"2026-01-06T09:47:48","modified_gmt":"2026-01-06T12:47:48","slug":"a-plataforma","status":"publish","type":"page","link":"https:\/\/cargamaquina.com.br\/novo-site\/a-plataforma\/","title":{"rendered":"A Plataforma"},"content":{"rendered":"[vc_row full_width=&#8221;stretch_row&#8221; css=&#8221;.vc_custom_1565903500573{margin-bottom: -33px !important;}&#8221;][vc_column][rev_slider_vc alias=&#8221;plataforma&#8221;][\/vc_column][\/vc_row][vc_row][vc_column][vc_empty_space][vc_column_text]\n<h3>A PLATAFORMA<\/h3>\n[\/vc_column_text][vc_separator color=&#8221;custom&#8221; border_width=&#8221;2&#8243; accent_color=&#8221;#db6a26&#8243;][vc_row_inner][vc_column_inner width=&#8221;1\/2&#8243;][vc_column_text]\u2022 100% WEB, execu\u00e7\u00e3o em qualquer navegador<br \/>\n\u2022 Adapt\u00e1vel e configur\u00e1vel (alto grau de parametriza\u00e7\u00e3o)<br \/>\n\u2022 Operacionaliza\u00e7\u00e3o no ch\u00e3o de f\u00e1brica<br \/>\n\u2022 Armazene seus dados com seguran\u00e7a<br \/>\n\u2022 Toda a comunica\u00e7\u00e3o no Carga M\u00e1quina \u00e9 criptografada e os bancos de dados possuem backups peri\u00f3dicos<br \/>\n\u2022 Utilizamos os servidores mais modernos hoje dispon\u00edveis no mundo, o que assegura o grau de confiabilidade para os dados da sua empresa<\/p>\n<p><strong>MATERIAIS<\/strong><br \/>\n\u2022 Estrutura de materiais<br \/>\n\u2022 Clonagem de estrutura<br \/>\n\u2022 Caracter\u00edsticas personalizadas para cada material ou grupo de materiais[\/vc_column_text][mvc_advanced_button btn_text=&#8221;FALE AGORA CONOSCO&#8221; padding_left=&#8221;30&#8243; transform=&#8221;uppercase&#8221; text_decoration=&#8221;none&#8221; google_fonts=&#8221;font_family:Montserrat%3Aregular%2C700|font_style:700%20bold%20regular%3A700%3Anormal&#8221; btn_url=&#8221;url:https%3A%2F%2Fcargamaquina.com.br%2Fnovo-site%2Fcontato-comercial%2F%23contato|||&#8221; btn_clr=&#8221;#ffffff&#8221; btn_bg=&#8221;#4daf74&#8243; btn_hvrclr=&#8221;#ffffff&#8221; btn_hvrbg=&#8221;#d76925&#8243; btn_radius=&#8221;5&#8243;][\/vc_column_inner][vc_column_inner width=&#8221;1\/2&#8243;][vc_single_image image=&#8221;208&#8243; img_size=&#8221;full&#8221; alignment=&#8221;center&#8221;][\/vc_column_inner][\/vc_row_inner][vc_row_inner][vc_column_inner width=&#8221;1\/2&#8243;][vc_video link=&#8221;https:\/\/youtu.be\/MVGEnAJLSxk?si=eYEsdR7ZTNobxMBp&#8221; align=&#8221;center&#8221;][\/vc_column_inner][vc_column_inner width=&#8221;1\/2&#8243;][vc_video link=&#8221;https:\/\/youtu.be\/71qcAplBEvQ?si=Luh4lvzVB&#8211;FsS8w&#8221; align=&#8221;center&#8221;][\/vc_column_inner][\/vc_row_inner][mvc_advanced_button align=&#8221;center&#8221; btn_text=&#8221;ENTRE EM CONTATO&#8221; padding_left=&#8221;30&#8243; transform=&#8221;uppercase&#8221; text_decoration=&#8221;none&#8221; google_fonts=&#8221;font_family:Montserrat%3Aregular%2C700|font_style:700%20bold%20regular%3A700%3Anormal&#8221; btn_url=&#8221;url:https%3A%2F%2Fcargamaquina.com.br%2Fnovo-site%2Fcontato-comercial%2F%23contato|||&#8221; btn_clr=&#8221;#ffffff&#8221; btn_bg=&#8221;#4daf74&#8243; btn_hvrclr=&#8221;#ffffff&#8221; btn_hvrbg=&#8221;#d76925&#8243; btn_radius=&#8221;5&#8243;][\/vc_column][\/vc_row][vc_row full_width=&#8221;stretch_row&#8221; css=&#8221;.vc_custom_1565903510724{background-color: #ffffff !important;}&#8221;][vc_column][vc_column_text]\n<h3>PLANEJAMENTO<\/h3>\n[\/vc_column_text][vc_separator color=&#8221;custom&#8221; border_width=&#8221;2&#8243; accent_color=&#8221;#db6a26&#8243;][vc_row_inner][vc_column_inner width=&#8221;1\/2&#8243;][vc_column_text]\u2022 Planejamento inteligente (menor prazo, menor dura\u00e7\u00e3o, prazo for\u00e7ado&#8230;)<br \/>\n\u2022 Agrupamento de ordens de servi\u00e7o (v\u00e1rios clientes)<br \/>\n\u2022 C\u00e1lculo de insumos e estimativa do tempo de produ\u00e7\u00e3o<br \/>\n\u2022 Proje\u00e7\u00e3o de in\u00edcio e t\u00e9rmino de cada ordem de servi\u00e7o<br \/>\n\u2022 Altera\u00e7\u00e3o de prioridades (fila de produ\u00e7\u00e3o)<\/p>\n<p><strong>SAIBA QUANDO UM TRABALHO FICAR\u00c1 PRONTO<\/strong><br \/>\n\u2022 Gerencie cada etapa do seu processo produtivo<br \/>\n\u2022 Visualize a previs\u00e3o de t\u00e9rmino dos trabalhos antes deles come\u00e7arem<br \/>\n\u2022 Controle as filas de cada m\u00e1quina individualmente<br \/>\n\u2022 Altere a prioridade dos seus pedidos<\/p>\n<p><strong>OBTENHA RELAT\u00d3RIOS DETALHADOS DE SUA IND\u00daSTRIA<\/strong><br \/>\n\u2022 Veja o desempenho de seus operadores e m\u00e1quinas<br \/>\n\u2022 Visualize o que foi produzido<br \/>\n\u2022 Tenha em m\u00e3os uma an\u00e1lise sobre as sobras de mat\u00e9rias-primas, refugos e interrup\u00e7\u00f5es de produ\u00e7\u00e3o<br \/>\n\u2022 Saiba o que era previsto e o que foi realizado[\/vc_column_text][vc_video link=&#8221;https:\/\/youtu.be\/xBKRY0TXpdA?si=DQ5ePjXN5iRwKJ5k&#8221; align=&#8221;center&#8221;][\/vc_column_inner][vc_column_inner width=&#8221;1\/2&#8243;][vc_single_image image=&#8221;210&#8243; img_size=&#8221;full&#8221; alignment=&#8221;center&#8221;][vc_single_image image=&#8221;209&#8243; img_size=&#8221;full&#8221; alignment=&#8221;center&#8221;][\/vc_column_inner][\/vc_row_inner][vc_row_inner][vc_column_inner width=&#8221;1\/3&#8243;][vc_video link=&#8221;https:\/\/youtu.be\/1bPngaBsRfM?si=7CEuYDBI5yV92AMk&#8221; align=&#8221;center&#8221;][\/vc_column_inner][vc_column_inner width=&#8221;1\/3&#8243;][vc_video link=&#8221;https:\/\/youtu.be\/p_98hRe-1Lg?si=gzj-n9w3XEKnUYnp&#8221; align=&#8221;center&#8221;][mvc_advanced_button align=&#8221;center&#8221; btn_text=&#8221;AGENDE UMA DEMONSTRA\u00c7\u00c3O&#8221; padding_left=&#8221;30&#8243; transform=&#8221;uppercase&#8221; text_decoration=&#8221;none&#8221; google_fonts=&#8221;font_family:Montserrat%3Aregular%2C700|font_style:700%20bold%20regular%3A700%3Anormal&#8221; btn_url=&#8221;url:https%3A%2F%2Fcargamaquina.com.br%2Fnovo-site%2Fcontato-comercial%2F%23contato|||&#8221; btn_clr=&#8221;#ffffff&#8221; btn_bg=&#8221;#4daf74&#8243; btn_hvrclr=&#8221;#ffffff&#8221; btn_hvrbg=&#8221;#d76925&#8243; btn_radius=&#8221;5&#8243;][\/vc_column_inner][vc_column_inner width=&#8221;1\/3&#8243;][vc_video link=&#8221;https:\/\/youtu.be\/GkLfv19yoSA?si=b5XnwTvaOhnAJqOV&#8221; align=&#8221;center&#8221;][\/vc_column_inner][\/vc_row_inner][\/vc_column][\/vc_row][vc_row][vc_column][vc_column_text]\n<h3>PRODU\u00c7\u00c3O<\/h3>\n[\/vc_column_text][vc_separator color=&#8221;custom&#8221; border_width=&#8221;2&#8243; accent_color=&#8221;#db6a26&#8243;][vc_row_inner][vc_column_inner width=&#8221;1\/2&#8243;][vc_column_text]<strong>ACOMPANHE A PRODU\u00c7\u00c3O E O RENDIMENTO DA SUA F\u00c1BRICA<\/strong><br \/>\n\u2022 Visualize os status das m\u00e1quinas (operando, pausadas, ociosas com e sem servi\u00e7o).<br \/>\n\u2022 Acompanhe o andamento dos trabalhos (atrasados, no prazo ou adiantados)<br \/>\n\u2022 Tome decis\u00f5es mais r\u00e1pidas e precisas baseadas em dados.<br \/>\n\u2022 Registre suas opera\u00e7\u00f5es atrav\u00e9s de tablet ou smartphone.<\/p>\n<p><strong>SAIBA OS CUSTOS EXATOS DE CADA PRODU\u00c7\u00c3O<\/strong><br \/>\n\u2022 Obtenha o detalhamento dos seus custos (energia el\u00e9trica, m\u00e3o de obra, mat\u00e9ria-prima, etc).<br \/>\n\u2022 Simule uma produ\u00e7\u00e3o e tenha a previs\u00e3o de quanto vai custar.<br \/>\n\u2022 Seja alertado para quando o custo aumenta ou diminui.<br \/>\n\u2022 Tenha acesso ao hist\u00f3rico de custos.<\/p>\n<p><strong>C\u00c9LULAS DE PRODU\u00c7\u00c3O<\/strong><br \/>\n\u2022 Calend\u00e1rio industrial (hor\u00e1rio de funcionamento da c\u00e9lula)<br \/>\n\u2022 Velocidade e caracter\u00edsticas da c\u00e9lula de acordo com o material que est\u00e1 produzindo<\/p>\n<p><strong>ORDENS DE PRODU\u00c7\u00c3O<\/strong><br \/>\n\u2022 Cria\u00e7\u00e3o de ordens de produ\u00e7\u00e3o por pedido de material<br \/>\n\u2022 Gera\u00e7\u00e3o de ordens de servi\u00e7o para cada etapa de uma ordem de produ\u00e7\u00e3o<br \/>\n\u2022 Importa\u00e7\u00e3o de ordens de produ\u00e7\u00e3o criadas em outro sistema[\/vc_column_text][\/vc_column_inner][vc_column_inner width=&#8221;1\/2&#8243;][vc_single_image image=&#8221;207&#8243; img_size=&#8221;full&#8221; alignment=&#8221;center&#8221;][mvc_advanced_button align=&#8221;center&#8221; btn_text=&#8221;FALE AGORA CONOSCO&#8221; padding_left=&#8221;30&#8243; transform=&#8221;uppercase&#8221; text_decoration=&#8221;none&#8221; google_fonts=&#8221;font_family:Montserrat%3Aregular%2C700|font_style:700%20bold%20regular%3A700%3Anormal&#8221; btn_url=&#8221;url:https%3A%2F%2Fcargamaquina.com.br%2Fnovo-site%2Fcontato-comercial%2F%23contato|||&#8221; btn_clr=&#8221;#ffffff&#8221; btn_bg=&#8221;#4daf74&#8243; btn_hvrclr=&#8221;#ffffff&#8221; btn_hvrbg=&#8221;#d76925&#8243; btn_radius=&#8221;5&#8243;][\/vc_column_inner][\/vc_row_inner][vc_row_inner][vc_column_inner width=&#8221;1\/3&#8243;][vc_video link=&#8221;https:\/\/youtu.be\/wWJLUMhMt6I?si=mLfp2oDJ2NsDQMdj&#8221; align=&#8221;center&#8221;][\/vc_column_inner][vc_column_inner width=&#8221;1\/3&#8243;][vc_video link=&#8221;https:\/\/youtu.be\/6Iz_EfuS6k4?si=hXv9vU951txq11VU&#8221; align=&#8221;center&#8221;][\/vc_column_inner][vc_column_inner width=&#8221;1\/3&#8243;][vc_video link=&#8221;https:\/\/youtu.be\/RGR04F5CT4Y?si=AHVP8E1ZWesxW0ud&#8221; align=&#8221;center&#8221;][\/vc_column_inner][\/vc_row_inner][mvc_advanced_button align=&#8221;center&#8221; btn_text=&#8221;ENTRE EM CONTATO&#8221; padding_left=&#8221;30&#8243; transform=&#8221;uppercase&#8221; text_decoration=&#8221;none&#8221; google_fonts=&#8221;font_family:Montserrat%3Aregular%2C700|font_style:700%20bold%20regular%3A700%3Anormal&#8221; btn_url=&#8221;url:https%3A%2F%2Fcargamaquina.com.br%2Fnovo-site%2Fcontato-comercial%2F%23contato|||&#8221; btn_clr=&#8221;#ffffff&#8221; btn_bg=&#8221;#4daf74&#8243; btn_hvrclr=&#8221;#ffffff&#8221; btn_hvrbg=&#8221;#d76925&#8243; btn_radius=&#8221;5&#8243;][\/vc_column][\/vc_row][vc_row full_width=&#8221;stretch_row&#8221; css=&#8221;.vc_custom_1565903522871{background-color: #ffffff !important;}&#8221;][vc_column][vc_column_text]\n<h3>OPERA\u00c7\u00c3O<\/h3>\n[\/vc_column_text][vc_separator color=&#8221;custom&#8221; border_width=&#8221;2&#8243; accent_color=&#8221;#db6a26&#8243;][vc_row_inner][vc_column_inner width=&#8221;1\/2&#8243;][vc_column_text]<strong>ACOMPANHE EM TEMPO REAL<\/strong><br \/>\n\u2022 Tenha o controle de suas mat\u00e9ria-primas e produtos acabados.<br \/>\n\u2022 N\u00e3o produza em excesso. Trabalhe com estoque m\u00ednimo e ponto de reabastecimento.<br \/>\n\u2022 Status das m\u00e1quinas (operando, ociosa, produzindo, ajustando&#8230;)<br \/>\n\u2022 Indicadores de andamento do trabalho (atrasado, no prazo ou adiantado)<\/p>\n<p><strong>OPERADORES<\/strong><br \/>\n\u2022 Permiss\u00f5es de acesso configur\u00e1veis para cada operador<br \/>\n\u2022 Apontamento controlado pelo operador (registro de produ\u00e7\u00e3o, sobras, paradas, anota\u00e7\u00f5es&#8230;)<br \/>\n\u2022 Relat\u00f3rio de desempenho do operador (velocidade, ociosidade, trocas de turno&#8230;)<\/p>\n<p><strong>ESTOQUE<\/strong><br \/>\n\u2022 Gest\u00e3o de estoques de mat\u00e9ria-prima<br \/>\n\u2022 Gest\u00e3o de materiais no ch\u00e3o de f\u00e1brica[\/vc_column_text][mvc_advanced_button align=&#8221;center&#8221; btn_text=&#8221;AGENDE UMA DEMONSTRA\u00c7\u00c3O&#8221; padding_left=&#8221;30&#8243; transform=&#8221;uppercase&#8221; text_decoration=&#8221;none&#8221; google_fonts=&#8221;font_family:Montserrat%3Aregular%2C700|font_style:700%20bold%20regular%3A700%3Anormal&#8221; btn_url=&#8221;url:https%3A%2F%2Fcargamaquina.com.br%2Fnovo-site%2Fcontato-comercial%2F%23contato|||&#8221; btn_clr=&#8221;#ffffff&#8221; btn_bg=&#8221;#4daf74&#8243; btn_hvrclr=&#8221;#ffffff&#8221; btn_hvrbg=&#8221;#d76925&#8243; btn_radius=&#8221;5&#8243;][\/vc_column_inner][vc_column_inner width=&#8221;1\/2&#8243;][vc_single_image image=&#8221;511&#8243; img_size=&#8221;full&#8221; alignment=&#8221;center&#8221;][\/vc_column_inner][\/vc_row_inner][vc_row_inner][vc_column_inner width=&#8221;1\/2&#8243;][vc_video link=&#8221;https:\/\/youtu.be\/ndXJX4lR9MA?si=xc_hecNoDccT3xAI&#8221; align=&#8221;center&#8221;][\/vc_column_inner][vc_column_inner width=&#8221;1\/2&#8243;][vc_video link=&#8221;https:\/\/youtu.be\/DNFDk4lvWOA?si=r1v8_43YZni9tdwD&#8221; align=&#8221;center&#8221;][\/vc_column_inner][\/vc_row_inner][\/vc_column][\/vc_row][vc_row][vc_column][vc_column_text]\n<p style=\"text-align: center;\"><a href=\"https:\/\/cargamaquina.com.br\/novo-site\/planos-e-precos\/\" class=\"su-button su-button-style-default\" style=\"color:#FFFFFF;background-color:#4daf74;border-color:#3e8c5d;border-radius:10px\" target=\"_self\"><span style=\"color:#FFFFFF;padding:0px 26px;font-size:20px;line-height:40px;border-color:#83c79e;border-radius:10px;text-shadow:none\"> CONHE\u00c7A NOSSOS PLANOS E PRE\u00c7OS <\/span><\/a>\n[\/vc_column_text][vc_empty_space height=&#8221;25px&#8221;][\/vc_column][\/vc_row]\n","protected":false},"excerpt":{"rendered":"<p>[vc_row full_width=&#8221;stretch_row&#8221; css=&#8221;.vc_custom_1565903500573{margin-bottom: -33px !important;}&#8221;][vc_column][rev_slider_vc alias=&#8221;plataforma&#8221;][\/vc_column][\/vc_row][vc_row][vc_column][vc_empty_space][vc_column_text] A PLATAFORMA [\/vc_column_text][vc_separator color=&#8221;custom&#8221; border_width=&#8221;2&#8243; accent_color=&#8221;#db6a26&#8243;][vc_row_inner][vc_column_inner width=&#8221;1\/2&#8243;][vc_column_text]\u2022 100% WEB, execu\u00e7\u00e3o em qualquer navegador \u2022 Adapt\u00e1vel e configur\u00e1vel (alto grau de<span class=\"excerpt-hellip\"> [\u2026]<\/span><\/p>\n","protected":false},"author":2,"featured_media":0,"parent":0,"menu_order":0,"comment_status":"closed","ping_status":"closed","template":"","meta":{"_exactmetrics_skip_tracking":false,"_exactmetrics_sitenote_active":false,"_exactmetrics_sitenote_note":"","_exactmetrics_sitenote_category":0,"_joinchat":[],"footnotes":""},"class_list":["post-137","page","type-page","status-publish","hentry"],"yoast_head":"<!-- This site is optimized with the Yoast SEO plugin v27.3 - https:\/\/yoast.com\/product\/yoast-seo-wordpress\/ -->\n<title>A Plataforma - Carga M\u00e1quina<\/title>\n<meta name=\"robots\" content=\"index, follow, max-snippet:-1, max-image-preview:large, max-video-preview:-1\" \/>\n<link rel=\"canonical\" href=\"https:\/\/cargamaquina.com.br\/novo-site\/a-plataforma\/\" \/>\n<meta property=\"og:locale\" content=\"pt_BR\" \/>\n<meta property=\"og:type\" content=\"article\" \/>\n<meta property=\"og:title\" content=\"A Plataforma - Carga M\u00e1quina\" \/>\n<meta property=\"og:description\" content=\"[vc_row full_width=&#8221;stretch_row&#8221; css=&#8221;.vc_custom_1565903500573{margin-bottom: -33px !important;}&#8221;][vc_column][rev_slider_vc alias=&#8221;plataforma&#8221;][\/vc_column][\/vc_row][vc_row][vc_column][vc_empty_space][vc_column_text] A PLATAFORMA [\/vc_column_text][vc_separator color=&#8221;custom&#8221; border_width=&#8221;2&#8243; accent_color=&#8221;#db6a26&#8243;][vc_row_inner][vc_column_inner width=&#8221;1\/2&#8243;][vc_column_text]\u2022 100% WEB, execu\u00e7\u00e3o em qualquer navegador \u2022 Adapt\u00e1vel e configur\u00e1vel (alto grau de [\u2026]\" \/>\n<meta property=\"og:url\" content=\"https:\/\/cargamaquina.com.br\/novo-site\/a-plataforma\/\" \/>\n<meta property=\"og:site_name\" content=\"Carga M\u00e1quina\" \/>\n<meta property=\"article:modified_time\" content=\"2026-01-06T12:47:48+00:00\" \/>\n<meta name=\"twitter:card\" content=\"summary_large_image\" \/>\n<meta name=\"twitter:label1\" content=\"Est. tempo de leitura\" \/>\n\t<meta name=\"twitter:data1\" content=\"4 minutos\" \/>\n<script type=\"application\/ld+json\" class=\"yoast-schema-graph\">{\"@context\":\"https:\\\/\\\/schema.org\",\"@graph\":[{\"@type\":\"WebPage\",\"@id\":\"https:\\\/\\\/cargamaquina.com.br\\\/novo-site\\\/a-plataforma\\\/\",\"url\":\"https:\\\/\\\/cargamaquina.com.br\\\/novo-site\\\/a-plataforma\\\/\",\"name\":\"A Plataforma - Carga M\u00e1quina\",\"isPartOf\":{\"@id\":\"https:\\\/\\\/cargamaquina.com.br\\\/novo-site\\\/#website\"},\"datePublished\":\"2019-08-15T21:13:21+00:00\",\"dateModified\":\"2026-01-06T12:47:48+00:00\",\"breadcrumb\":{\"@id\":\"https:\\\/\\\/cargamaquina.com.br\\\/novo-site\\\/a-plataforma\\\/#breadcrumb\"},\"inLanguage\":\"pt-BR\",\"potentialAction\":[{\"@type\":\"ReadAction\",\"target\":[\"https:\\\/\\\/cargamaquina.com.br\\\/novo-site\\\/a-plataforma\\\/\"]}]},{\"@type\":\"BreadcrumbList\",\"@id\":\"https:\\\/\\\/cargamaquina.com.br\\\/novo-site\\\/a-plataforma\\\/#breadcrumb\",\"itemListElement\":[{\"@type\":\"ListItem\",\"position\":1,\"name\":\"In\u00edcio\",\"item\":\"https:\\\/\\\/cargamaquina.com.br\\\/novo-site\\\/\"},{\"@type\":\"ListItem\",\"position\":2,\"name\":\"A Plataforma\"}]},{\"@type\":\"WebSite\",\"@id\":\"https:\\\/\\\/cargamaquina.com.br\\\/novo-site\\\/#website\",\"url\":\"https:\\\/\\\/cargamaquina.com.br\\\/novo-site\\\/\",\"name\":\"Carga M\u00e1quina\",\"description\":\"Software para controle de produ\u00e7\u00e3o\",\"potentialAction\":[{\"@type\":\"SearchAction\",\"target\":{\"@type\":\"EntryPoint\",\"urlTemplate\":\"https:\\\/\\\/cargamaquina.com.br\\\/novo-site\\\/?s={search_term_string}\"},\"query-input\":{\"@type\":\"PropertyValueSpecification\",\"valueRequired\":true,\"valueName\":\"search_term_string\"}}],\"inLanguage\":\"pt-BR\"}]}<\/script>\n<!-- \/ Yoast SEO plugin. -->","yoast_head_json":{"title":"A Plataforma - Carga M\u00e1quina","robots":{"index":"index","follow":"follow","max-snippet":"max-snippet:-1","max-image-preview":"max-image-preview:large","max-video-preview":"max-video-preview:-1"},"canonical":"https:\/\/cargamaquina.com.br\/novo-site\/a-plataforma\/","og_locale":"pt_BR","og_type":"article","og_title":"A Plataforma - Carga M\u00e1quina","og_description":"[vc_row full_width=&#8221;stretch_row&#8221; css=&#8221;.vc_custom_1565903500573{margin-bottom: -33px !important;}&#8221;][vc_column][rev_slider_vc alias=&#8221;plataforma&#8221;][\/vc_column][\/vc_row][vc_row][vc_column][vc_empty_space][vc_column_text] A PLATAFORMA [\/vc_column_text][vc_separator color=&#8221;custom&#8221; border_width=&#8221;2&#8243; accent_color=&#8221;#db6a26&#8243;][vc_row_inner][vc_column_inner width=&#8221;1\/2&#8243;][vc_column_text]\u2022 100% WEB, execu\u00e7\u00e3o em qualquer navegador \u2022 Adapt\u00e1vel e configur\u00e1vel (alto grau de [\u2026]","og_url":"https:\/\/cargamaquina.com.br\/novo-site\/a-plataforma\/","og_site_name":"Carga M\u00e1quina","article_modified_time":"2026-01-06T12:47:48+00:00","twitter_card":"summary_large_image","twitter_misc":{"Est. tempo de leitura":"4 minutos"},"schema":{"@context":"https:\/\/schema.org","@graph":[{"@type":"WebPage","@id":"https:\/\/cargamaquina.com.br\/novo-site\/a-plataforma\/","url":"https:\/\/cargamaquina.com.br\/novo-site\/a-plataforma\/","name":"A Plataforma - Carga M\u00e1quina","isPartOf":{"@id":"https:\/\/cargamaquina.com.br\/novo-site\/#website"},"datePublished":"2019-08-15T21:13:21+00:00","dateModified":"2026-01-06T12:47:48+00:00","breadcrumb":{"@id":"https:\/\/cargamaquina.com.br\/novo-site\/a-plataforma\/#breadcrumb"},"inLanguage":"pt-BR","potentialAction":[{"@type":"ReadAction","target":["https:\/\/cargamaquina.com.br\/novo-site\/a-plataforma\/"]}]},{"@type":"BreadcrumbList","@id":"https:\/\/cargamaquina.com.br\/novo-site\/a-plataforma\/#breadcrumb","itemListElement":[{"@type":"ListItem","position":1,"name":"In\u00edcio","item":"https:\/\/cargamaquina.com.br\/novo-site\/"},{"@type":"ListItem","position":2,"name":"A Plataforma"}]},{"@type":"WebSite","@id":"https:\/\/cargamaquina.com.br\/novo-site\/#website","url":"https:\/\/cargamaquina.com.br\/novo-site\/","name":"Carga M\u00e1quina","description":"Software para controle de produ\u00e7\u00e3o","potentialAction":[{"@type":"SearchAction","target":{"@type":"EntryPoint","urlTemplate":"https:\/\/cargamaquina.com.br\/novo-site\/?s={search_term_string}"},"query-input":{"@type":"PropertyValueSpecification","valueRequired":true,"valueName":"search_term_string"}}],"inLanguage":"pt-BR"}]}},"_links":{"self":[{"href":"https:\/\/cargamaquina.com.br\/novo-site\/wp-json\/wp\/v2\/pages\/137","targetHints":{"allow":["GET"]}}],"collection":[{"href":"https:\/\/cargamaquina.com.br\/novo-site\/wp-json\/wp\/v2\/pages"}],"about":[{"href":"https:\/\/cargamaquina.com.br\/novo-site\/wp-json\/wp\/v2\/types\/page"}],"author":[{"embeddable":true,"href":"https:\/\/cargamaquina.com.br\/novo-site\/wp-json\/wp\/v2\/users\/2"}],"replies":[{"embeddable":true,"href":"https:\/\/cargamaquina.com.br\/novo-site\/wp-json\/wp\/v2\/comments?post=137"}],"version-history":[{"count":2,"href":"https:\/\/cargamaquina.com.br\/novo-site\/wp-json\/wp\/v2\/pages\/137\/revisions"}],"predecessor-version":[{"id":91546,"href":"https:\/\/cargamaquina.com.br\/novo-site\/wp-json\/wp\/v2\/pages\/137\/revisions\/91546"}],"wp:attachment":[{"href":"https:\/\/cargamaquina.com.br\/novo-site\/wp-json\/wp\/v2\/media?parent=137"}],"curies":[{"name":"wp","href":"https:\/\/api.w.org\/{rel}","templated":true}]}}